{"id":1434,"date":"2019-12-06T09:35:36","date_gmt":"2019-12-06T08:35:36","guid":{"rendered":"https:\/\/bzpg.e-bielsko.net\/?page_id=1434"},"modified":"2023-07-06T08:20:47","modified_gmt":"2023-07-06T06:20:47","slug":"o-bzpg","status":"publish","type":"page","link":"https:\/\/www.bzpg.pl\/index.php\/o-bzpg\/","title":{"rendered":"Organizator"},"content":{"rendered":"<p><strong><img loading=\"lazy\" decoding=\"async\" class=\"alignnone wp-image-1435\" src=\"https:\/\/bzpg.e-bielsko.net\/wp-content\/uploads\/2019\/12\/kb_logo-300x122.png\" alt=\"\" width=\"49\" height=\"20\" srcset=\"https:\/\/www.bzpg.pl\/wp-content\/uploads\/2019\/12\/kb_logo-300x122.png 300w, https:\/\/www.bzpg.pl\/wp-content\/uploads\/2019\/12\/kb_logo-768x313.png 768w, https:\/\/www.bzpg.pl\/wp-content\/uploads\/2019\/12\/kb_logo.png 974w\" sizes=\"auto, (max-width: 49px) 100vw, 49px\" \/>\u00a0 BZPG &#8211; Informacje og\u00f3lne<\/strong><\/p>\n<p><strong>Beskidzki Zwi\u0105zek Powiatowo-Gminny (BZPG)<\/strong> tworzy jedena\u015bcie jednostek samorz\u0105du terytorialnego tj.<br \/>\n<strong>Gmina Bestwina, Gmina Buczkowice, Gmina Jasienica, Gmina Jaworze, Gmina K\u0119ty, Gmina Kozy, Gmina Por\u0105bka, Gmina Szczyrk, Gmina Wilamowice i Gmina Wilkowice oraz Powiat Bielski.<\/strong><\/p>\n<p>Zwi\u0105zek zosta\u0142 utworzony do prowadzenia zada\u0144 z zakresu transportu publicznego. B\u0119dzie on zgodnie z ustaw\u0105 z dnia 16 grudnia 2010 r. <em>o publicznym transporcie zbiorowym<\/em> <strong>organizatorem<\/strong> publicznego transportu zbiorowego o charakterze u\u017cyteczno\u015bci publicznej na liniach komunikacyjnych lub w sieci komunikacyjnej w powiatowo-gminnych przewozach pasa\u017cerskich na obszarze powiatu i gmin b\u0119d\u0105cych jego uczestnikami.<\/p>\n<p>Dnia 17 marca 2017 r. Beskidzki Zwi\u0105zek Powiatowo-Gminny z siedzib\u0105 w Bielsku-Bia\u0142ej (BZPG) zosta\u0142 zarejestrowany przez Ministra Spraw Wewn\u0119trznych i Administracji w stosownym wykazie pod pozycj\u0105 nr 6.<\/p>\n<p>Wy\u017cej wymienione zadanie Zwi\u0105zek realizuje poprzez Operatora, kt\u00f3rym jest <strong>Komunikacja Beskidzka S.A. (dawniej PKS w Bielsku-Bia\u0142ej S.A.)<\/strong><\/p>\n<p><strong>Do zada\u0144 organizatora nale\u017c\u0105 decyzje m.in. w zakresie:<\/strong><\/p>\n<ul>\n<li>przebiegu tras wszystkich linii dzia\u0142aj\u0105cych w ramach sieci<\/li>\n<li>cz\u0119stotliwo\u015bci kursowania pojazd\u00f3w<\/li>\n<li>trasach objazdowych w przypadku zaplanowanych remont\u00f3w<\/li>\n<li>taryfach bilet\u00f3w<\/li>\n<li>konsultowaniu planowanych linii komunikacyjnych<\/li>\n<li>tworzeniu i aktualizacja dokument\u00f3w w zakresie transportu publicznego<\/li>\n<li>opracowywanie sprawozda\u0144 oraz innych dokument\u00f3w wymaganych przepisami prawa<\/li>\n<li>zamieszczaniu rozk\u0142ad\u00f3w jazdy na przystankach<\/li>\n<li>ustalanie lokalizacji nowych przystank\u00f3w &#8211; je\u015bli zostaniemy o tym poinformowani przez lokalne jednostki samorz\u0105du terytorialnego<\/li>\n<\/ul>\n<p><strong>Do zada\u0144 operatora &#8211; sp\u00f3\u0142ki Komunikacja Beskidzka nale\u017cy m.in.:<\/strong><\/p>\n<div class=\"col-12 mb-3 mb-sm-1\">\n<ul>\n<li>zarz\u0105dzanie taborem<\/li>\n<li>sprzeda\u017c bilet\u00f3w poprzez kierowc\u00f3w oraz w punktach sprzeda\u017cy<\/li>\n<li>czuwanie nad p\u0142ynno\u015bci\u0105 komunikacji publicznej<\/li>\n<li>likwidowanie skutk\u00f3w zdarze\u0144 komunikacyjnych<\/li>\n<li>decydowanie w zakresie doboru taboru na poszczeg\u00f3lne linie (np. czy na danej linii je\u017cd\u017c\u0105 autobusy kr\u00f3tkie czy przegubowe)<\/li>\n<li>wynajem autobus\u00f3w<\/li>\n<li>prowadzenie Stacji Kontroli Pojazd\u00f3w.<\/li>\n<\/ul>\n<\/div>\n<div class=\"col-12 mb-3 mb-sm-1\"><\/div>\n<p>Jedynymi oficjalnymi kana\u0142ami informacji o komunikacji publicznej s\u0105: strona internetowa<b> www.komunikacjabeskidzka.pl<\/b>, strona <strong>www.bzpg.pl<\/strong>, profil Facebook: <strong>Komunikacja Beskidzka S.A.<\/strong>,<\/p>\n<p><img loading=\"lazy\" decoding=\"async\" class=\"alignnone size-full wp-image-2515\" src=\"https:\/\/www.bzpg.pl\/wp-content\/uploads\/2023\/07\/gminy.jpg\" alt=\"\" width=\"1245\" height=\"425\" srcset=\"https:\/\/www.bzpg.pl\/wp-content\/uploads\/2023\/07\/gminy.jpg 1245w, https:\/\/www.bzpg.pl\/wp-content\/uploads\/2023\/07\/gminy-300x102.jpg 300w, https:\/\/www.bzpg.pl\/wp-content\/uploads\/2023\/07\/gminy-1024x350.jpg 1024w, https:\/\/www.bzpg.pl\/wp-content\/uploads\/2023\/07\/gminy-768x262.jpg 768w, https:\/\/www.bzpg.pl\/wp-content\/uploads\/2023\/07\/gminy-59x20.jpg 59w, https:\/\/www.bzpg.pl\/wp-content\/uploads\/2023\/07\/gminy-46x16.jpg 46w, https:\/\/www.bzpg.pl\/wp-content\/uploads\/2023\/07\/gminy-20x7.jpg 20w\" sizes=\"auto, (max-width: 1245px) 100vw, 1245px\" \/><\/p>\n","protected":false},"excerpt":{"rendered":"<p>\u00a0 BZPG &#8211; Informacje og\u00f3lne Beskidzki Zwi\u0105zek Powiatowo-Gminny (BZPG) tworzy jedena\u015bcie jednostek samorz\u0105du terytorialnego tj. Gmina Bestwina, Gmina Buczkowice, Gmina Jasienica, Gmina Jaworze, Gmina K\u0119ty, Gmina Kozy, Gmina Por\u0105bka, Gmina Szczyrk, Gmina Wilamowice i Gmina Wilkowice oraz Powiat Bielski. Zwi\u0105zek zosta\u0142 utworzony do prowadzenia zada\u0144 z zakresu transportu publicznego. B\u0119dzie on zgodnie z ustaw\u0105 z&hellip; <br \/> <a class=\"read-more\" href=\"https:\/\/www.bzpg.pl\/index.php\/o-bzpg\/\">Read more<\/a><\/p>\n","protected":false},"author":1,"featured_media":0,"parent":0,"menu_order":0,"comment_status":"closed","ping_status":"closed","template":"","meta":{"footnotes":""},"class_list":["post-1434","page","type-page","status-publish","hentry"],"_links":{"self":[{"href":"https:\/\/www.bzpg.pl\/index.php\/wp-json\/wp\/v2\/pages\/1434","targetHints":{"allow":["GET"]}}],"collection":[{"href":"https:\/\/www.bzpg.pl\/index.php\/wp-json\/wp\/v2\/pages"}],"about":[{"href":"https:\/\/www.bzpg.pl\/index.php\/wp-json\/wp\/v2\/types\/page"}],"author":[{"embeddable":true,"href":"https:\/\/www.bzpg.pl\/index.php\/wp-json\/wp\/v2\/users\/1"}],"replies":[{"embeddable":true,"href":"https:\/\/www.bzpg.pl\/index.php\/wp-json\/wp\/v2\/comments?post=1434"}],"version-history":[{"count":9,"href":"https:\/\/www.bzpg.pl\/index.php\/wp-json\/wp\/v2\/pages\/1434\/revisions"}],"predecessor-version":[{"id":2555,"href":"https:\/\/www.bzpg.pl\/index.php\/wp-json\/wp\/v2\/pages\/1434\/revisions\/2555"}],"wp:attachment":[{"href":"https:\/\/www.bzpg.pl\/index.php\/wp-json\/wp\/v2\/media?parent=1434"}],"curies":[{"name":"wp","href":"https:\/\/api.w.org\/{rel}","templated":true}]}}