{"id":1444,"date":"2019-12-06T10:24:12","date_gmt":"2019-12-06T09:24:12","guid":{"rendered":"https:\/\/bzpg.e-bielsko.net\/?page_id=1444"},"modified":"2026-03-31T13:31:40","modified_gmt":"2026-03-31T11:31:40","slug":"zgromadzenie-bzpg","status":"publish","type":"page","link":"https:\/\/www.bzpg.pl\/index.php\/o-bzpg\/zgromadzenie-bzpg\/","title":{"rendered":"Zgromadzenie BZPG"},"content":{"rendered":"<p><strong><img loading=\"lazy\" decoding=\"async\" class=\"alignnone wp-image-1435\" src=\"https:\/\/bzpg.e-bielsko.net\/wp-content\/uploads\/2019\/12\/kb_logo-300x122.png\" alt=\"\" width=\"49\" height=\"20\" srcset=\"https:\/\/www.bzpg.pl\/wp-content\/uploads\/2019\/12\/kb_logo-300x122.png 300w, https:\/\/www.bzpg.pl\/wp-content\/uploads\/2019\/12\/kb_logo-768x313.png 768w, https:\/\/www.bzpg.pl\/wp-content\/uploads\/2019\/12\/kb_logo.png 974w\" sizes=\"auto, (max-width: 49px) 100vw, 49px\" \/>\u00a0 BZPG &#8211; Zgromadzenie BZPG<\/strong><\/p>\n<p><strong><img loading=\"lazy\" decoding=\"async\" class=\"alignnone wp-image-1452\" src=\"https:\/\/bzpg.e-bielsko.net\/wp-content\/uploads\/2019\/12\/square1.png\" alt=\"\" width=\"11\" height=\"11\" \/>\u00a0<\/strong>Zgromadzenie Beskidzkiego Zwi\u0105zku Powiatowo-Gminnego jest organem stanowi\u0105cym i kontrolnym zwi\u0105zku. Zgodnie z zapisami Statutu, w sk\u0142ad Zgromadzenia wchodzi po dw\u00f3ch reprezentant\u00f3w powiatu i gmin b\u0119d\u0105cych uczestnikami zwi\u0105zku. Ka\u017cdy cz\u0142onek ma w Zgromadzeniu jeden g\u0142os. Zgromadzenie podejmuje uchwa\u0142y w sprawach zastrze\u017conych dla zgromadzenia w tym m.in. okre\u015bla kierunki dzia\u0142ania Zarz\u0105du i samego zwi\u0105zku. Upraszczaj\u0105c, Zgromadzenie jest odpowiednikiem Rady Powiatu lub Rady Gminy.<\/p>\n<p>Przewodnicz\u0105cy Zgromadzenia &#8211;\u00a0<strong>Wojciech Bydli\u0144ski<\/strong><br \/>\nWiceprzewodnicz\u0105cy Zgromadzenia &#8211; <strong>Anna Plichta-Kotas<\/strong><\/p>\n<p><strong>Cz\u0142onkowie Zgromadzenia\u00a0Beskidzkiego Zwi\u0105zku Powiatowo-Gminnego:<\/strong><\/p>\n<p><strong>Gmina Bestwina<br \/>\n<\/strong><\/p>\n<ul>\n<li>Grzegorz Bobo\u0144<\/li>\n<li>Mariusz Szlosarczyk<\/li>\n<\/ul>\n<p><strong>Gmina Buczkowice<\/strong><\/p>\n<ul>\n<li>Jerzy Kanik<\/li>\n<li>Agata Artemska<\/li>\n<\/ul>\n<p><strong>Gmina Jasienica<\/strong><\/p>\n<ul>\n<li>Janusz Pierzyna<\/li>\n<li>Tomasz Tato\u0144<\/li>\n<\/ul>\n<p><strong>Gmina Jaworze<\/strong><\/p>\n<ul>\n<li>Anna Skotnicka-N\u0119dzka<\/li>\n<li>Krzysztof \u015aliwa<\/li>\n<\/ul>\n<p><strong>Gmina K\u0119ty<\/strong><\/p>\n<ul>\n<li>Marcin \u015aliwa<\/li>\n<li>Piotr W\u0142asi\u0144ski<\/li>\n<\/ul>\n<p><strong>Gmina Kozy<\/strong><\/p>\n<ul>\n<li>Jacek Kali\u0144ski<\/li>\n<li>Katarzyna Matuszek<\/li>\n<\/ul>\n<p><strong>Gmina Por\u0105bka<\/strong><\/p>\n<ul>\n<li>Pawe\u0142 Zemanek<\/li>\n<li>Bogus\u0142aw Wawak<\/li>\n<\/ul>\n<p><strong>Gmina Szczyrk<\/strong><\/p>\n<ul>\n<li>Antoni Byrdy<\/li>\n<li>Wojciech Bydli\u0144ski<\/li>\n<\/ul>\n<p><strong>Gmina Wilamowice<\/strong><\/p>\n<ul>\n<li>Kazimierz Cebrat<\/li>\n<li>Grzegorz Norymberczyk<\/li>\n<\/ul>\n<p><strong>Gmina Wilkowice<\/strong><\/p>\n<ul>\n<li>Maciej Mr\u00f3wka<\/li>\n<li>Wojciech Cendrzak<\/li>\n<\/ul>\n<p><strong>Powiat Bielski<\/strong><\/p>\n<ul>\n<li>Andrzej P\u0142onka<\/li>\n<li>Anna Plichta-Kotas<\/li>\n<\/ul>\n","protected":false},"excerpt":{"rendered":"<p>\u00a0 BZPG &#8211; Zgromadzenie BZPG \u00a0Zgromadzenie Beskidzkiego Zwi\u0105zku Powiatowo-Gminnego jest organem stanowi\u0105cym i kontrolnym zwi\u0105zku. Zgodnie z zapisami Statutu, w sk\u0142ad Zgromadzenia wchodzi po dw\u00f3ch reprezentant\u00f3w powiatu i gmin b\u0119d\u0105cych uczestnikami zwi\u0105zku. Ka\u017cdy cz\u0142onek ma w Zgromadzeniu jeden g\u0142os. Zgromadzenie podejmuje uchwa\u0142y w sprawach zastrze\u017conych dla zgromadzenia w tym m.in. okre\u015bla kierunki dzia\u0142ania Zarz\u0105du i&hellip; <br \/> <a class=\"read-more\" href=\"https:\/\/www.bzpg.pl\/index.php\/o-bzpg\/zgromadzenie-bzpg\/\">Read more<\/a><\/p>\n","protected":false},"author":1,"featured_media":0,"parent":1434,"menu_order":1,"comment_status":"closed","ping_status":"closed","template":"","meta":{"footnotes":""},"class_list":["post-1444","page","type-page","status-publish","hentry"],"_links":{"self":[{"href":"https:\/\/www.bzpg.pl\/index.php\/wp-json\/wp\/v2\/pages\/1444","targetHints":{"allow":["GET"]}}],"collection":[{"href":"https:\/\/www.bzpg.pl\/index.php\/wp-json\/wp\/v2\/pages"}],"about":[{"href":"https:\/\/www.bzpg.pl\/index.php\/wp-json\/wp\/v2\/types\/page"}],"author":[{"embeddable":true,"href":"https:\/\/www.bzpg.pl\/index.php\/wp-json\/wp\/v2\/users\/1"}],"replies":[{"embeddable":true,"href":"https:\/\/www.bzpg.pl\/index.php\/wp-json\/wp\/v2\/comments?post=1444"}],"version-history":[{"count":15,"href":"https:\/\/www.bzpg.pl\/index.php\/wp-json\/wp\/v2\/pages\/1444\/revisions"}],"predecessor-version":[{"id":17735,"href":"https:\/\/www.bzpg.pl\/index.php\/wp-json\/wp\/v2\/pages\/1444\/revisions\/17735"}],"up":[{"embeddable":true,"href":"https:\/\/www.bzpg.pl\/index.php\/wp-json\/wp\/v2\/pages\/1434"}],"wp:attachment":[{"href":"https:\/\/www.bzpg.pl\/index.php\/wp-json\/wp\/v2\/media?parent=1444"}],"curies":[{"name":"wp","href":"https:\/\/api.w.org\/{rel}","templated":true}]}}