{"id":1579,"date":"2019-12-07T23:17:28","date_gmt":"2019-12-07T22:17:28","guid":{"rendered":"https:\/\/bzpg.e-bielsko.net\/?page_id=1579"},"modified":"2024-02-05T08:55:33","modified_gmt":"2024-02-05T07:55:33","slug":"ulgi-i-znizki","status":"publish","type":"page","link":"https:\/\/www.bzpg.pl\/index.php\/dla-pasazera\/ulgi-i-znizki\/","title":{"rendered":"Ulgi i zni\u017cki"},"content":{"rendered":"<p><strong><img loading=\"lazy\" decoding=\"async\" class=\"alignnone wp-image-1435\" src=\"https:\/\/bzpg.e-bielsko.net\/wp-content\/uploads\/2019\/12\/kb_logo-300x122.png\" alt=\"\" width=\"49\" height=\"20\" srcset=\"https:\/\/www.bzpg.pl\/wp-content\/uploads\/2019\/12\/kb_logo-300x122.png 300w, https:\/\/www.bzpg.pl\/wp-content\/uploads\/2019\/12\/kb_logo-768x313.png 768w, https:\/\/www.bzpg.pl\/wp-content\/uploads\/2019\/12\/kb_logo.png 974w\" sizes=\"auto, (max-width: 49px) 100vw, 49px\" \/> BZPG &#8211; Dla pasa\u017cera &#8211; Ulgi i zni\u017cki<\/strong><\/p>\n<p><strong>Wykaz ulg ustawowych na bilety miesi\u0119czne<\/strong><\/p>\n<p>[table id=6 \/]<\/p>\n<p><strong>Wykaz ulg ustawowych na bilety jednorazowe<\/strong><\/p>\n<p>[table id=7 \/]<\/p>\n<p><strong>Przejazdy bezp\u0142atne na podstawie bilet\u00f3w jednorazowych\u00a0<\/strong><\/p>\n<p>[table id=10 \/]<\/p>\n","protected":false},"excerpt":{"rendered":"<p>BZPG &#8211; Dla pasa\u017cera &#8211; Ulgi i zni\u017cki Wykaz ulg ustawowych na bilety miesi\u0119czne [table id=6 \/] Wykaz ulg ustawowych na bilety jednorazowe [table id=7 \/] Przejazdy bezp\u0142atne na podstawie bilet\u00f3w jednorazowych\u00a0 [table id=10 \/]<\/p>\n","protected":false},"author":1,"featured_media":0,"parent":1550,"menu_order":3,"comment_status":"closed","ping_status":"closed","template":"","meta":{"footnotes":""},"class_list":["post-1579","page","type-page","status-publish","hentry"],"_links":{"self":[{"href":"https:\/\/www.bzpg.pl\/index.php\/wp-json\/wp\/v2\/pages\/1579","targetHints":{"allow":["GET"]}}],"collection":[{"href":"https:\/\/www.bzpg.pl\/index.php\/wp-json\/wp\/v2\/pages"}],"about":[{"href":"https:\/\/www.bzpg.pl\/index.php\/wp-json\/wp\/v2\/types\/page"}],"author":[{"embeddable":true,"href":"https:\/\/www.bzpg.pl\/index.php\/wp-json\/wp\/v2\/users\/1"}],"replies":[{"embeddable":true,"href":"https:\/\/www.bzpg.pl\/index.php\/wp-json\/wp\/v2\/comments?post=1579"}],"version-history":[{"count":6,"href":"https:\/\/www.bzpg.pl\/index.php\/wp-json\/wp\/v2\/pages\/1579\/revisions"}],"predecessor-version":[{"id":2679,"href":"https:\/\/www.bzpg.pl\/index.php\/wp-json\/wp\/v2\/pages\/1579\/revisions\/2679"}],"up":[{"embeddable":true,"href":"https:\/\/www.bzpg.pl\/index.php\/wp-json\/wp\/v2\/pages\/1550"}],"wp:attachment":[{"href":"https:\/\/www.bzpg.pl\/index.php\/wp-json\/wp\/v2\/media?parent=1579"}],"curies":[{"name":"wp","href":"https:\/\/api.w.org\/{rel}","templated":true}]}}