{"id":18715,"date":"2026-04-17T11:54:19","date_gmt":"2026-04-17T09:54:19","guid":{"rendered":"https:\/\/www.bzpg.pl\/?page_id=18715"},"modified":"2026-04-17T11:56:56","modified_gmt":"2026-04-17T09:56:56","slug":"ii-przetarg-na-sprzedaz-6-autobusow","status":"publish","type":"page","link":"https:\/\/www.bzpg.pl\/index.php\/ii-przetarg-na-sprzedaz-6-autobusow\/","title":{"rendered":"II przetarg na sprzeda\u017c 6 autobus\u00f3w"},"content":{"rendered":"<p>Zapraszamy do zapoznania si\u0119 z ofert\u0105 sprzeda\u017cy 6 sztuk autobus\u00f3w marki AUTOSAN. Sprzedaj\u0105cy dzieli przetarg na zadania i dopuszcza sk\u0142adanie ofert cz\u0119\u015bciowych, tj. na co najmniej jeden autobus.<\/p>\n<p>Wi\u0119cej informacji pod linkiem: <a href=\"https:\/\/bzpg.bip.gov.pl\/ogloszenia-o-zbyciu-mienia\/1295796_ogloszenie-o-sprzedazy-mienia-ruchomego.html\">https:\/\/bzpg.bip.gov.pl\/ogloszenia-o-zbyciu-mienia\/1295796_ogloszenie-o-sprzedazy-mienia-ruchomego.html<\/a><\/p>\n<p>Dokumenty do pobrania: <a href=\"https:\/\/www.bzpg.pl\/wp-content\/uploads\/2026\/03\/Ogloszenie-przetargu-sprzedaz-6-autobusow.pdf\">Og\u0142oszenie przetargu sprzeda\u017c 6 autobus\u00f3w<\/a><\/p>\n<p>Wynik post\u0119powania: <a href=\"https:\/\/www.bzpg.pl\/wp-content\/uploads\/2026\/03\/Informacja-o-wyniku-przetargu-17.04.2026.pdf\">Informacja o wyniku przetargu 17.04.2026<\/a><\/p>\n<p><a href=\"https:\/\/www.bzpg.pl\/wp-content\/uploads\/2026\/02\/zdj4.jpg\"><img loading=\"lazy\" decoding=\"async\" class=\"alignnone wp-image-2961\" src=\"https:\/\/www.bzpg.pl\/wp-content\/uploads\/2026\/02\/zdj4.jpg\" alt=\"\" width=\"321\" height=\"430\" srcset=\"https:\/\/www.bzpg.pl\/wp-content\/uploads\/2026\/02\/zdj4.jpg 662w, https:\/\/www.bzpg.pl\/wp-content\/uploads\/2026\/02\/zdj4-224x300.jpg 224w, https:\/\/www.bzpg.pl\/wp-content\/uploads\/2026\/02\/zdj4-15x20.jpg 15w\" sizes=\"auto, (max-width: 321px) 100vw, 321px\" \/><\/a><a href=\"https:\/\/www.bzpg.pl\/wp-content\/uploads\/2026\/02\/zdj2.jpg\"><img loading=\"lazy\" decoding=\"async\" class=\"alignnone wp-image-2959\" src=\"https:\/\/www.bzpg.pl\/wp-content\/uploads\/2026\/02\/zdj2.jpg\" alt=\"\" width=\"322\" height=\"429\" srcset=\"https:\/\/www.bzpg.pl\/wp-content\/uploads\/2026\/02\/zdj2.jpg 665w, https:\/\/www.bzpg.pl\/wp-content\/uploads\/2026\/02\/zdj2-225x300.jpg 225w, https:\/\/www.bzpg.pl\/wp-content\/uploads\/2026\/02\/zdj2-15x20.jpg 15w\" sizes=\"auto, (max-width: 322px) 100vw, 322px\" \/><\/a><a href=\"https:\/\/www.bzpg.pl\/wp-content\/uploads\/2026\/02\/zdj1.jpg\"><img loading=\"lazy\" decoding=\"async\" class=\"alignnone wp-image-2958\" src=\"https:\/\/www.bzpg.pl\/wp-content\/uploads\/2026\/02\/zdj1.jpg\" alt=\"\" width=\"323\" height=\"428\" srcset=\"https:\/\/www.bzpg.pl\/wp-content\/uploads\/2026\/02\/zdj1.jpg 666w, https:\/\/www.bzpg.pl\/wp-content\/uploads\/2026\/02\/zdj1-226x300.jpg 226w, https:\/\/www.bzpg.pl\/wp-content\/uploads\/2026\/02\/zdj1-15x20.jpg 15w\" sizes=\"auto, (max-width: 323px) 100vw, 323px\" \/><\/a><\/p>\n<ol>\n<li>Wykaz autobus\u00f3w i cena wywo\u0142awcza:<\/li>\n<\/ol>\n<table width=\"604\">\n<tbody>\n<tr>\n<td width=\"61\">Numer zadania<\/td>\n<td width=\"156\">Marka, Model<\/td>\n<td width=\"111\">Numer rejestracyjny<\/td>\n<td width=\"68\">Rok produkcji<\/td>\n<td width=\"94\">Przebieg*<\/td>\n<td width=\"113\">Cena wywo\u0142awcza*<\/td>\n<\/tr>\n<tr>\n<td width=\"61\">1.<\/td>\n<td width=\"156\">AUTOSAN H7.20 7.0t<\/td>\n<td width=\"111\">SB 2101H<\/td>\n<td width=\"68\">2011<\/td>\n<td width=\"94\">670\u00a0900 km<\/td>\n<td width=\"113\">24 065,04 z\u0142<\/td>\n<\/tr>\n<tr>\n<td width=\"61\">2.<\/td>\n<td width=\"156\">AUTOSAN H7.20 7.0t<\/td>\n<td width=\"111\">SB 2102H<\/td>\n<td width=\"68\">2011<\/td>\n<td width=\"94\">728 033 km<\/td>\n<td width=\"113\">23\u00a0333,33 z\u0142<\/td>\n<\/tr>\n<tr>\n<td width=\"61\">3.<\/td>\n<td width=\"156\">AUTOSAN H7.20 7.0t<\/td>\n<td width=\"111\">SB 2105H<\/td>\n<td width=\"68\">2011<\/td>\n<td width=\"94\">592 890 km<\/td>\n<td width=\"113\">24 552,85 z\u0142<\/td>\n<\/tr>\n<tr>\n<td width=\"61\">4.<\/td>\n<td width=\"156\">AUTOSAN H7.20 7.0t<\/td>\n<td width=\"111\">SB 2106H<\/td>\n<td width=\"68\">2011<\/td>\n<td width=\"94\">889 515 km<\/td>\n<td width=\"113\">18\u00a0699,19 z\u0142<\/td>\n<\/tr>\n<tr>\n<td width=\"61\">5.<\/td>\n<td width=\"156\">AUTOSAN H7.20 7.0t<\/td>\n<td width=\"111\">SB 2107H<\/td>\n<td width=\"68\">2011<\/td>\n<td width=\"94\">605 634 km<\/td>\n<td width=\"113\">24\u00a0471,54 z\u0142<\/td>\n<\/tr>\n<tr>\n<td width=\"61\">6.<\/td>\n<td width=\"156\">AUTOSAN H7.20 7.0t<\/td>\n<td width=\"111\">SB 2110H<\/td>\n<td width=\"68\">2011<\/td>\n<td width=\"94\">675 575 km<\/td>\n<td width=\"113\">24\u00a0065,04 z\u0142<\/td>\n<\/tr>\n<\/tbody>\n<\/table>\n<ul>\n<li>Podane ceny nie s\u0105 obj\u0119te podatkiem od towar\u00f3w i us\u0142ug VAT \u2013 sprzedawca nie jest czynnym podatnikiem VAT<\/li>\n<\/ul>\n<p>Rodzaj silnika\/rodzaj paliwa: diesel,<\/p>\n<p>Autobusy s\u0105 obecnie wy\u0142\u0105czone z eksploatacji.<\/p>\n<p>Autobusy b\u0119d\u0105ce przedmiotem przetargu mo\u017cna ogl\u0105da\u0107 (od dnia zamieszczenia niniejszego og\u0142oszenia do dnia poprzedzaj\u0105cego dzie\u0144 przewidziany na z\u0142o\u017cenie ofert) na terenie zajezdni Komunikacji Beskidzkiej przy ul. Legion\u00f3w 54, 43-300 Bielsko-Bia\u0142a, w dniach od 7 do 10 kwietnia 2026 r. w godzinach od godz. 8:00 do godz. 13:00, po wcze\u015bniejszym um\u00f3wieniu pod numerem telefonu (33) 829 53 18.<\/p>\n<p>&nbsp;<\/p>\n<p><strong><u>TERMIN, MIEJSCE I TRYB Z\u0141O\u017bENIA OFERTY ORAZ OKRES, W KT\u00d3RYM OFERTA JEST WI\u0104\u017b\u0104CA<\/u><\/strong><\/p>\n<p>TERMIN Z\u0141O\u017bENIA OFERTY:\u00a0 <strong>16.04.2026 r. do godz. 15:00<\/strong><\/p>\n<p>Ofert\u0119 nale\u017cy z\u0142o\u017cy\u0107 w zamkni\u0119tej kopercie oznaczonej napisem: &#8222;Oferta przetargowa na sprzeda\u017c autobus\u00f3w Autosan\u201d.<\/p>\n<p><strong>Miejsce sk\u0142adania ofert:<\/strong> Biuro Beskidzkiego Zwi\u0105zku Powiatowo-Gminnego, 43-300 Bielsko-Bia\u0142a ul. Legion\u00f3w 54, III pi\u0119tro, pok\u00f3j nr 41, od poniedzia\u0142ku do pi\u0105tku w godzinach od 8:00 do 15:00.<\/p>\n<p>Otwarcie ofert nast\u0105pi dnia <strong>17.04.2026 r. o godz. 10:00\u00a0\u00a0\u00a0 <\/strong><\/p>\n<p><strong>Miejsce otwarcia ofert:<\/strong> Beskidzki Zwi\u0105zek Powiatowo-Gminny, Bielsko-Bia\u0142a ul. Legion\u00f3w 54, \u00a0III pi\u0119tro, pok\u00f3j nr 42 (sala konferencyjna).<\/p>\n<p>TRYB: obowi\u0105zuje tryb pisemny z\u0142o\u017cenia oferty.<\/p>\n<p>TERMIN ZWI\u0104ZANIA Z OFERT\u0104: <strong>17.04.2026 r.<\/strong><\/p>\n<p>Wszystkie oferty kt\u00f3re wp\u0142yn\u0119\u0142y po terminie, zostan\u0105 zwr\u00f3cone Kupuj\u0105cym bez otwierania.<\/p>\n","protected":false},"excerpt":{"rendered":"<p>Zapraszamy do zapoznania si\u0119 z ofert\u0105 sprzeda\u017cy 6 sztuk autobus\u00f3w marki AUTOSAN. Sprzedaj\u0105cy dzieli przetarg na zadania i dopuszcza sk\u0142adanie ofert cz\u0119\u015bciowych, tj. na co najmniej jeden autobus. Wi\u0119cej informacji pod linkiem: https:\/\/bzpg.bip.gov.pl\/ogloszenia-o-zbyciu-mienia\/1295796_ogloszenie-o-sprzedazy-mienia-ruchomego.html Dokumenty do pobrania: Og\u0142oszenie przetargu sprzeda\u017c 6 autobus\u00f3w Wynik post\u0119powania: Informacja o wyniku przetargu 17.04.2026 Wykaz autobus\u00f3w i cena wywo\u0142awcza: Numer zadania&hellip; <br \/> <a class=\"read-more\" href=\"https:\/\/www.bzpg.pl\/index.php\/ii-przetarg-na-sprzedaz-6-autobusow\/\">Read more<\/a><\/p>\n","protected":false},"author":4,"featured_media":0,"parent":0,"menu_order":0,"comment_status":"closed","ping_status":"closed","template":"","meta":{"footnotes":""},"class_list":["post-18715","page","type-page","status-publish","hentry"],"_links":{"self":[{"href":"https:\/\/www.bzpg.pl\/index.php\/wp-json\/wp\/v2\/pages\/18715","targetHints":{"allow":["GET"]}}],"collection":[{"href":"https:\/\/www.bzpg.pl\/index.php\/wp-json\/wp\/v2\/pages"}],"about":[{"href":"https:\/\/www.bzpg.pl\/index.php\/wp-json\/wp\/v2\/types\/page"}],"author":[{"embeddable":true,"href":"https:\/\/www.bzpg.pl\/index.php\/wp-json\/wp\/v2\/users\/4"}],"replies":[{"embeddable":true,"href":"https:\/\/www.bzpg.pl\/index.php\/wp-json\/wp\/v2\/comments?post=18715"}],"version-history":[{"count":2,"href":"https:\/\/www.bzpg.pl\/index.php\/wp-json\/wp\/v2\/pages\/18715\/revisions"}],"predecessor-version":[{"id":18721,"href":"https:\/\/www.bzpg.pl\/index.php\/wp-json\/wp\/v2\/pages\/18715\/revisions\/18721"}],"wp:attachment":[{"href":"https:\/\/www.bzpg.pl\/index.php\/wp-json\/wp\/v2\/media?parent=18715"}],"curies":[{"name":"wp","href":"https:\/\/api.w.org\/{rel}","templated":true}]}}