{"id":2115,"date":"2021-08-18T13:57:31","date_gmt":"2021-08-18T11:57:31","guid":{"rendered":"https:\/\/www.bzpg.pl\/?page_id=2115"},"modified":"2021-08-18T14:00:31","modified_gmt":"2021-08-18T12:00:31","slug":"informacja-dla-osob-ze-szczegolnymi-potrzebami","status":"publish","type":"page","link":"https:\/\/www.bzpg.pl\/index.php\/informacja-dla-osob-ze-szczegolnymi-potrzebami\/","title":{"rendered":"Informacja dla os\u00f3b ze szczeg\u00f3lnymi potrzebami"},"content":{"rendered":"<p><strong>Informacja dla os\u00f3b nies\u0142ysz\u0105cych lub s\u0142abos\u0142ysz\u0105cych<\/strong><\/p>\n<p><u>Aby skutecznie komunikowa\u0107 si\u0119 z naszym urz\u0119dem osoby nies\u0142ysz\u0105ce lub s\u0142abos\u0142ysz\u0105ce mog\u0105:<\/u><\/p>\n<ul>\n<li>napisa\u0107 pismo\/z\u0142o\u017cy\u0107 wniosek na adres: Beskidzki Zwi\u0105zek Powiatowo-Gminny, ul. Legion\u00f3w 54, 43-300 Bielsko-Bia\u0142a,<\/li>\n<li>wys\u0142a\u0107 e-mail na adres: biuro@bzpg.pl,<\/li>\n<li>zadzwoni\u0107 przy pomocy osoby trzeciej na numer telefonu: (33)\u00a0829-53-18,<\/li>\n<li>spotka\u0107 si\u0119 osobi\u015bcie w Biurze Zwi\u0105zku przy ul. Legion\u00f3w 54 w Bielsku- Bia\u0142ej. Godziny przyj\u0119\u0107 interesant\u00f3w podane s\u0105 na stronie internetowej urz\u0119du.<\/li>\n<\/ul>\n<p><strong>Informacja dla os\u00f3b z niepe\u0142nosprawno\u015bci\u0105 narz\u0105d\u00f3w ruchu i os\u00f3b starszych<\/strong><\/p>\n<p>Budynek przy ul. Legion\u00f3w 54, jest dost\u0119pny architektonicznie:<\/p>\n<ul>\n<li>na parkingu wyznaczono 2 miejsca parkingowe przeznaczone dla os\u00f3b z niepe\u0142nosprawno\u015bci\u0105, oznakowane kolorem niebieskim;<\/li>\n<li>do budynku prowadzi jedno g\u0142\u00f3wne wej\u015bcie od ul. Legion\u00f3w przystosowane dla os\u00f3b poruszaj\u0105cych si\u0119 na w\u00f3zkach inwalidzkich;<\/li>\n<li>w budynku na parterze znajduje si\u0119 toaleta przystosowana dla os\u00f3b z niepe\u0142nosprawno\u015bci\u0105 narz\u0105d\u00f3w ruchu poruszaj\u0105cych si\u0119 na w\u00f3zku inwalidzkim.<\/li>\n<\/ul>\n<p><strong>Informacja dla os\u00f3b niewidz\u0105cych lub s\u0142abowidz\u0105cych:<\/strong><\/p>\n<p>Do budynku mo\u017cna wchodzi\u0107 z psem asystuj\u0105cym.<\/p>\n","protected":false},"excerpt":{"rendered":"<p>Informacja dla os\u00f3b nies\u0142ysz\u0105cych lub s\u0142abos\u0142ysz\u0105cych Aby skutecznie komunikowa\u0107 si\u0119 z naszym urz\u0119dem osoby nies\u0142ysz\u0105ce lub s\u0142abos\u0142ysz\u0105ce mog\u0105: napisa\u0107 pismo\/z\u0142o\u017cy\u0107 wniosek na adres: Beskidzki Zwi\u0105zek Powiatowo-Gminny, ul. Legion\u00f3w 54, 43-300 Bielsko-Bia\u0142a, wys\u0142a\u0107 e-mail na adres: biuro@bzpg.pl, zadzwoni\u0107 przy pomocy osoby trzeciej na numer telefonu: (33)\u00a0829-53-18, spotka\u0107 si\u0119 osobi\u015bcie w Biurze Zwi\u0105zku przy ul. Legion\u00f3w 54&hellip; <br \/> <a class=\"read-more\" href=\"https:\/\/www.bzpg.pl\/index.php\/informacja-dla-osob-ze-szczegolnymi-potrzebami\/\">Read more<\/a><\/p>\n","protected":false},"author":1,"featured_media":0,"parent":0,"menu_order":0,"comment_status":"closed","ping_status":"closed","template":"","meta":{"footnotes":""},"class_list":["post-2115","page","type-page","status-publish","hentry"],"_links":{"self":[{"href":"https:\/\/www.bzpg.pl\/index.php\/wp-json\/wp\/v2\/pages\/2115","targetHints":{"allow":["GET"]}}],"collection":[{"href":"https:\/\/www.bzpg.pl\/index.php\/wp-json\/wp\/v2\/pages"}],"about":[{"href":"https:\/\/www.bzpg.pl\/index.php\/wp-json\/wp\/v2\/types\/page"}],"author":[{"embeddable":true,"href":"https:\/\/www.bzpg.pl\/index.php\/wp-json\/wp\/v2\/users\/1"}],"replies":[{"embeddable":true,"href":"https:\/\/www.bzpg.pl\/index.php\/wp-json\/wp\/v2\/comments?post=2115"}],"version-history":[{"count":2,"href":"https:\/\/www.bzpg.pl\/index.php\/wp-json\/wp\/v2\/pages\/2115\/revisions"}],"predecessor-version":[{"id":2117,"href":"https:\/\/www.bzpg.pl\/index.php\/wp-json\/wp\/v2\/pages\/2115\/revisions\/2117"}],"wp:attachment":[{"href":"https:\/\/www.bzpg.pl\/index.php\/wp-json\/wp\/v2\/media?parent=2115"}],"curies":[{"name":"wp","href":"https:\/\/api.w.org\/{rel}","templated":true}]}}