{"id":2191,"date":"2022-01-17T09:16:39","date_gmt":"2022-01-17T08:16:39","guid":{"rendered":"https:\/\/www.bzpg.pl\/?page_id=2191"},"modified":"2022-01-17T11:29:09","modified_gmt":"2022-01-17T10:29:09","slug":"zamowienia-publiczne","status":"publish","type":"page","link":"https:\/\/www.bzpg.pl\/index.php\/o-bzpg\/zamowienia-publiczne\/","title":{"rendered":"Zam\u00f3wienia Publiczne"},"content":{"rendered":"<p><a href=\"https:\/\/www.bzpg.pl\/index.php\/o-bzpg\/zamowienia-publiczne\/plan-zamowien-publicznych\/\">Plan zam\u00f3wie\u0144 publicznych<\/a><\/p>\n<p><a href=\"https:\/\/www.bzpg.pl\/index.php\/o-bzpg\/zamowienia-publiczne\/aktualne-postepowania\/\">Aktualne post\u0119powania<\/a><\/p>\n","protected":false},"excerpt":{"rendered":"<p>Plan zam\u00f3wie\u0144 publicznych Aktualne post\u0119powania<\/p>\n","protected":false},"author":6,"featured_media":0,"parent":1434,"menu_order":0,"comment_status":"closed","ping_status":"closed","template":"","meta":{"footnotes":""},"class_list":["post-2191","page","type-page","status-publish","hentry"],"_links":{"self":[{"href":"https:\/\/www.bzpg.pl\/index.php\/wp-json\/wp\/v2\/pages\/2191","targetHints":{"allow":["GET"]}}],"collection":[{"href":"https:\/\/www.bzpg.pl\/index.php\/wp-json\/wp\/v2\/pages"}],"about":[{"href":"https:\/\/www.bzpg.pl\/index.php\/wp-json\/wp\/v2\/types\/page"}],"author":[{"embeddable":true,"href":"https:\/\/www.bzpg.pl\/index.php\/wp-json\/wp\/v2\/users\/6"}],"replies":[{"embeddable":true,"href":"https:\/\/www.bzpg.pl\/index.php\/wp-json\/wp\/v2\/comments?post=2191"}],"version-history":[{"count":4,"href":"https:\/\/www.bzpg.pl\/index.php\/wp-json\/wp\/v2\/pages\/2191\/revisions"}],"predecessor-version":[{"id":2206,"href":"https:\/\/www.bzpg.pl\/index.php\/wp-json\/wp\/v2\/pages\/2191\/revisions\/2206"}],"up":[{"embeddable":true,"href":"https:\/\/www.bzpg.pl\/index.php\/wp-json\/wp\/v2\/pages\/1434"}],"wp:attachment":[{"href":"https:\/\/www.bzpg.pl\/index.php\/wp-json\/wp\/v2\/media?parent=2191"}],"curies":[{"name":"wp","href":"https:\/\/api.w.org\/{rel}","templated":true}]}}