{"id":2202,"date":"2022-01-17T11:24:44","date_gmt":"2022-01-17T10:24:44","guid":{"rendered":"https:\/\/www.bzpg.pl\/?page_id=2202"},"modified":"2025-11-04T12:54:24","modified_gmt":"2025-11-04T11:54:24","slug":"aktualne-postepowania","status":"publish","type":"page","link":"https:\/\/www.bzpg.pl\/index.php\/o-bzpg\/zamowienia-publiczne\/aktualne-postepowania\/","title":{"rendered":"Aktualne post\u0119powania"},"content":{"rendered":"<p>Zaproszenie do z\u0142o\u017cenia oferty dot. zadania pn. \u201eDostawa samochodu osobowego zasilanego energi\u0105 elektryczn\u0105\u201d.<\/p>\n<p>Wszelkie informacje dotycz\u0105ce Opisu Przedmiotu Zam\u00f3wienia, warunk\u00f3w udzia\u0142u w post\u0119powaniu oraz kryteri\u00f3w oceny ofert znajduj\u0105 si\u0119 w poni\u017cszym linku.<\/p>\n<p><a href=\"https:\/\/bzpg.bip.gov.pl\/zapytania-ofertowe\/1216860_zapytanie-ofertowe.html\">https:\/\/bzpg.bip.gov.pl\/zapytania-ofertowe\/1216860_zapytanie-ofertowe.html<\/a><\/p>\n<p>Termin sk\u0142adania ofert:\u00a0<strong>13.11.2025 r. do godz. 15:00<\/strong><\/p>\n","protected":false},"excerpt":{"rendered":"<p>Zaproszenie do z\u0142o\u017cenia oferty dot. zadania pn. \u201eDostawa samochodu osobowego zasilanego energi\u0105 elektryczn\u0105\u201d. Wszelkie informacje dotycz\u0105ce Opisu Przedmiotu Zam\u00f3wienia, warunk\u00f3w udzia\u0142u w post\u0119powaniu oraz kryteri\u00f3w oceny ofert znajduj\u0105 si\u0119 w poni\u017cszym linku. https:\/\/bzpg.bip.gov.pl\/zapytania-ofertowe\/1216860_zapytanie-ofertowe.html Termin sk\u0142adania ofert:\u00a013.11.2025 r. do godz. 15:00<\/p>\n","protected":false},"author":1,"featured_media":0,"parent":2191,"menu_order":0,"comment_status":"closed","ping_status":"closed","template":"","meta":{"footnotes":""},"class_list":["post-2202","page","type-page","status-publish","hentry"],"_links":{"self":[{"href":"https:\/\/www.bzpg.pl\/index.php\/wp-json\/wp\/v2\/pages\/2202","targetHints":{"allow":["GET"]}}],"collection":[{"href":"https:\/\/www.bzpg.pl\/index.php\/wp-json\/wp\/v2\/pages"}],"about":[{"href":"https:\/\/www.bzpg.pl\/index.php\/wp-json\/wp\/v2\/types\/page"}],"author":[{"embeddable":true,"href":"https:\/\/www.bzpg.pl\/index.php\/wp-json\/wp\/v2\/users\/1"}],"replies":[{"embeddable":true,"href":"https:\/\/www.bzpg.pl\/index.php\/wp-json\/wp\/v2\/comments?post=2202"}],"version-history":[{"count":14,"href":"https:\/\/www.bzpg.pl\/index.php\/wp-json\/wp\/v2\/pages\/2202\/revisions"}],"predecessor-version":[{"id":2904,"href":"https:\/\/www.bzpg.pl\/index.php\/wp-json\/wp\/v2\/pages\/2202\/revisions\/2904"}],"up":[{"embeddable":true,"href":"https:\/\/www.bzpg.pl\/index.php\/wp-json\/wp\/v2\/pages\/2191"}],"wp:attachment":[{"href":"https:\/\/www.bzpg.pl\/index.php\/wp-json\/wp\/v2\/media?parent=2202"}],"curies":[{"name":"wp","href":"https:\/\/api.w.org\/{rel}","templated":true}]}}