{"id":2372,"date":"2022-12-27T14:49:53","date_gmt":"2022-12-27T13:49:53","guid":{"rendered":"https:\/\/www.bzpg.pl\/?page_id=2372"},"modified":"2022-12-27T15:00:25","modified_gmt":"2022-12-27T14:00:25","slug":"druki-do-pobrania","status":"publish","type":"page","link":"https:\/\/www.bzpg.pl\/index.php\/o-bzpg\/druki-do-pobrania\/","title":{"rendered":"Druki do pobrania"},"content":{"rendered":"<h3>Wniosek o wydanie Za\u015bwiadczenia na wykonywanie publicznego transportu zbiorowego<\/h3>\n<h3><a href=\"https:\/\/www.bzpg.pl\/wp-content\/uploads\/2022\/12\/BZPG_wniosek_zaswiadczenie.doc\"><span style=\"text-decoration: underline;\">POBIERZ WNIOSEK<\/span><\/a><\/h3>\n<h3>Miejsce z\u0142o\u017cenia dokument\u00f3w\/za\u0142atwienia sprawy:<\/h3>\n<p>Biuro Beskidzkiego Zwi\u0105zku Powiatowo-Gminnego, ul. Legion\u00f3w 54, 43-300 Bielsko-Bia\u0142a<\/p>\n<p>III pi\u0119tro, pok. 41<br \/>\ntel. 33\u00a0829 53 18<br \/>\ntel. 33\u00a0829 53 19<\/p>\n<h3>Kto mo\u017ce wyst\u0105pi\u0107 z wnioskiem\/zainicjowa\u0107 spraw\u0119:<\/h3>\n<p>Operator<\/p>\n<h3>Godziny przyjmowania wniosk\u00f3w:<\/h3>\n<p>poniedzia\u0142ek &#8211; pi\u0105tek 7:30\u201415:30<\/p>\n<h3>Op\u0142aty:<\/h3>\n<ul>\n<li>za wydanie Za\u015bwiadczenia \u2013 20 z\u0142<\/li>\n<li>za wydanie wt\u00f3rnika Za\u015bwiadczenia \u2013 20 z\u0142<\/li>\n<li>za zmian\u0119 Za\u015bwiadczenia \u2013 10 z\u0142<\/li>\n<li>za zmian\u0119 Za\u0142\u0105cznika do Za\u015bwiadczenia \u2013 10 z\u0142<\/li>\n<li>za zmian\u0119 Za\u0142\u0105cznika zwi\u0105zan\u0105 ze zmian\u0105 Za\u015bwiadczenia &#8211;\u00a0 20 z\u0142<\/li>\n<\/ul>\n<p>Wp\u0142aty mo\u017cna dokona\u0107\u00a0 na konto Beskidzkiego Zwi\u0105zku Powiatowo-Gminnego:<br \/>\nING Bank \u015al\u0105ski\u00a014 1050 1070 1000 0090 3124 3836<\/p>\n<h3>Termin i spos\u00f3b za\u0142atwienia sprawy:<\/h3>\n<p>Okres oczekiwania na za\u015bwiadczenie &#8211; 7 dni<\/p>\n<p>W PRZYPADKU WNIOSKU DOTYCZ\u0104CEGO ZMIANY ZA\u0141\u0104CZNIKA DO ZA\u015aWIADCZENIA (ROZK\u0141ADU JAZDY), WNIOSEK NALE\u017bY Z\u0141O\u017bY\u0106 <strong>CO NAJMNIEJ<\/strong> NA 30 DNI PRZED DNIEM WEJ\u015aCIA W\u00a0\u017bYCIE NOWEGO ROZK\u0141ADU JAZDY.<\/p>\n<h3>Tryb odwo\u0142awczy:<\/h3>\n<p>Nie przys\u0142uguje<\/p>\n<h3>Podstawa prawna:<\/h3>\n<ul>\n<li>Ustawa z dnia 16 grudnia 2010 r. o publicznym transporcie zbiorowym;<\/li>\n<li>Rozporz\u0105dzenie Ministra Infrastruktury z dnia 23 lutego 2011 r. w sprawie wysoko\u015bci op\u0142at za wydanie dokument\u00f3w zwi\u0105zanych z wykonywaniem publicznego transportu zbiorowego oraz wzor\u00f3w tych dokument\u00f3w;<\/li>\n<\/ul>\n<h3>Wymagane wnioski i dokumenty:<\/h3>\n<ul>\n<li>wniosek o zmian\u0119 za\u015bwiadczenia\/za\u0142\u0105cznika do za\u015bwiadczenia\u00a0 na wykonywanie publicznego transportu zbiorowego<\/li>\n<li>po\u015bwiadczona przez operatora za zgodno\u015b\u0107 z orygina\u0142em kserokopia odpisu z rejestru przedsi\u0119biorc\u00f3w albo z ewidencji dzia\u0142alno\u015bci gospodarczej <em>w przypadku zmiany tre\u015bci za\u015bwiadczenia na wykonywanie publicznego transportu zbiorowego w przypadku zmiany oznaczenia przedsi\u0119biorcy, jego siedziby<\/em>\u00a0<em>(miejsca zamieszkania) i adresu i\/lub numeru w rejestrze przedsi\u0119biorc\u00f3w albo w ewidencji dzia\u0142alno\u015bci gospodarczej<\/em><\/li>\n<li>proponowany rozk\u0142ad jazdy uwzgl\u0119dniaj\u0105cy przystanki, godziny odjazd\u00f3w \u015brodk\u00f3w transportowych, d\u0142ugo\u015b\u0107 linii komunikacyjnej, podan\u0105 w kilometrach, i odleg\u0142o\u015bci mi\u0119dzy przystankami, kursy oraz liczb\u0119 pojazd\u00f3w niezb\u0119dnych do wykonywania codziennych przewoz\u00f3w, zgodnie z rozk\u0142adem jazdy<\/li>\n<li>dow\u00f3d wniesienia op\u0142aty<\/li>\n<\/ul>\n<p>&nbsp;<\/p>\n","protected":false},"excerpt":{"rendered":"<p>Wniosek o wydanie Za\u015bwiadczenia na wykonywanie publicznego transportu zbiorowego POBIERZ WNIOSEK Miejsce z\u0142o\u017cenia dokument\u00f3w\/za\u0142atwienia sprawy: Biuro Beskidzkiego Zwi\u0105zku Powiatowo-Gminnego, ul. Legion\u00f3w 54, 43-300 Bielsko-Bia\u0142a III pi\u0119tro, pok. 41 tel. 33\u00a0829 53 18 tel. 33\u00a0829 53 19 Kto mo\u017ce wyst\u0105pi\u0107 z wnioskiem\/zainicjowa\u0107 spraw\u0119: Operator Godziny przyjmowania wniosk\u00f3w: poniedzia\u0142ek &#8211; pi\u0105tek 7:30\u201415:30 Op\u0142aty: za wydanie Za\u015bwiadczenia \u2013&hellip; <br \/> <a class=\"read-more\" href=\"https:\/\/www.bzpg.pl\/index.php\/o-bzpg\/druki-do-pobrania\/\">Read more<\/a><\/p>\n","protected":false},"author":4,"featured_media":0,"parent":1434,"menu_order":5,"comment_status":"closed","ping_status":"closed","template":"","meta":{"footnotes":""},"class_list":["post-2372","page","type-page","status-publish","hentry"],"_links":{"self":[{"href":"https:\/\/www.bzpg.pl\/index.php\/wp-json\/wp\/v2\/pages\/2372","targetHints":{"allow":["GET"]}}],"collection":[{"href":"https:\/\/www.bzpg.pl\/index.php\/wp-json\/wp\/v2\/pages"}],"about":[{"href":"https:\/\/www.bzpg.pl\/index.php\/wp-json\/wp\/v2\/types\/page"}],"author":[{"embeddable":true,"href":"https:\/\/www.bzpg.pl\/index.php\/wp-json\/wp\/v2\/users\/4"}],"replies":[{"embeddable":true,"href":"https:\/\/www.bzpg.pl\/index.php\/wp-json\/wp\/v2\/comments?post=2372"}],"version-history":[{"count":4,"href":"https:\/\/www.bzpg.pl\/index.php\/wp-json\/wp\/v2\/pages\/2372\/revisions"}],"predecessor-version":[{"id":2379,"href":"https:\/\/www.bzpg.pl\/index.php\/wp-json\/wp\/v2\/pages\/2372\/revisions\/2379"}],"up":[{"embeddable":true,"href":"https:\/\/www.bzpg.pl\/index.php\/wp-json\/wp\/v2\/pages\/1434"}],"wp:attachment":[{"href":"https:\/\/www.bzpg.pl\/index.php\/wp-json\/wp\/v2\/media?parent=2372"}],"curies":[{"name":"wp","href":"https:\/\/api.w.org\/{rel}","templated":true}]}}