{"id":2400,"date":"2023-02-07T10:29:20","date_gmt":"2023-02-07T09:29:20","guid":{"rendered":"https:\/\/www.bzpg.pl\/?page_id=2400"},"modified":"2023-02-07T10:29:20","modified_gmt":"2023-02-07T09:29:20","slug":"waznosc-legitymacji-sluzbowej-ih","status":"publish","type":"page","link":"https:\/\/www.bzpg.pl\/index.php\/waznosc-legitymacji-sluzbowej-ih\/","title":{"rendered":"Wa\u017cno\u015b\u0107 legitymacji s\u0142u\u017cbowej IH"},"content":{"rendered":"<p><strong>LEGITYMACJA S\u0141U\u017bBOWA<\/strong><\/p>\n<p>Wydana dla: <strong>I H<\/strong><\/p>\n<p>Beskidzki Zwi\u0105zek Powiatowo-Gminny, 43-300 Bielsko-Bia\u0142a, ul. Legion\u00f3w 54<\/p>\n<p>POTWIERDZA WA\u017bNO\u015a\u0106 DOKUMENTU<\/p>\n<p><strong>wa\u017cny od 01.01.2023 do 31.12.2023<\/strong><\/p>\n","protected":false},"excerpt":{"rendered":"<p>LEGITYMACJA S\u0141U\u017bBOWA Wydana dla: I H Beskidzki Zwi\u0105zek Powiatowo-Gminny, 43-300 Bielsko-Bia\u0142a, ul. Legion\u00f3w 54 POTWIERDZA WA\u017bNO\u015a\u0106 DOKUMENTU wa\u017cny od 01.01.2023 do 31.12.2023<\/p>\n","protected":false},"author":4,"featured_media":0,"parent":0,"menu_order":0,"comment_status":"closed","ping_status":"closed","template":"","meta":{"footnotes":""},"class_list":["post-2400","page","type-page","status-publish","hentry"],"_links":{"self":[{"href":"https:\/\/www.bzpg.pl\/index.php\/wp-json\/wp\/v2\/pages\/2400","targetHints":{"allow":["GET"]}}],"collection":[{"href":"https:\/\/www.bzpg.pl\/index.php\/wp-json\/wp\/v2\/pages"}],"about":[{"href":"https:\/\/www.bzpg.pl\/index.php\/wp-json\/wp\/v2\/types\/page"}],"author":[{"embeddable":true,"href":"https:\/\/www.bzpg.pl\/index.php\/wp-json\/wp\/v2\/users\/4"}],"replies":[{"embeddable":true,"href":"https:\/\/www.bzpg.pl\/index.php\/wp-json\/wp\/v2\/comments?post=2400"}],"version-history":[{"count":1,"href":"https:\/\/www.bzpg.pl\/index.php\/wp-json\/wp\/v2\/pages\/2400\/revisions"}],"predecessor-version":[{"id":2401,"href":"https:\/\/www.bzpg.pl\/index.php\/wp-json\/wp\/v2\/pages\/2400\/revisions\/2401"}],"wp:attachment":[{"href":"https:\/\/www.bzpg.pl\/index.php\/wp-json\/wp\/v2\/media?parent=2400"}],"curies":[{"name":"wp","href":"https:\/\/api.w.org\/{rel}","templated":true}]}}