{"id":2477,"date":"2023-06-29T11:05:30","date_gmt":"2023-06-29T09:05:30","guid":{"rendered":"https:\/\/www.bzpg.pl\/?page_id=2477"},"modified":"2023-06-29T12:51:56","modified_gmt":"2023-06-29T10:51:56","slug":"operator","status":"publish","type":"page","link":"https:\/\/www.bzpg.pl\/index.php\/operator\/","title":{"rendered":"Operator"},"content":{"rendered":"<p><strong>Nazwa i adres siedziby sp\u00f3\u0142ki:<br \/>\n<\/strong>Komunikacja Beskidzka S.A<br \/>\nul. Legion\u00f3w 54<br \/>\n43-300 Bielsko-Bia\u0142a<\/p>\n","protected":false},"excerpt":{"rendered":"<p>Nazwa i adres siedziby sp\u00f3\u0142ki: Komunikacja Beskidzka S.A ul. Legion\u00f3w 54 43-300 Bielsko-Bia\u0142a<\/p>\n","protected":false},"author":4,"featured_media":0,"parent":0,"menu_order":0,"comment_status":"closed","ping_status":"closed","template":"","meta":{"footnotes":""},"class_list":["post-2477","page","type-page","status-publish","hentry"],"_links":{"self":[{"href":"https:\/\/www.bzpg.pl\/index.php\/wp-json\/wp\/v2\/pages\/2477","targetHints":{"allow":["GET"]}}],"collection":[{"href":"https:\/\/www.bzpg.pl\/index.php\/wp-json\/wp\/v2\/pages"}],"about":[{"href":"https:\/\/www.bzpg.pl\/index.php\/wp-json\/wp\/v2\/types\/page"}],"author":[{"embeddable":true,"href":"https:\/\/www.bzpg.pl\/index.php\/wp-json\/wp\/v2\/users\/4"}],"replies":[{"embeddable":true,"href":"https:\/\/www.bzpg.pl\/index.php\/wp-json\/wp\/v2\/comments?post=2477"}],"version-history":[{"count":2,"href":"https:\/\/www.bzpg.pl\/index.php\/wp-json\/wp\/v2\/pages\/2477\/revisions"}],"predecessor-version":[{"id":2503,"href":"https:\/\/www.bzpg.pl\/index.php\/wp-json\/wp\/v2\/pages\/2477\/revisions\/2503"}],"wp:attachment":[{"href":"https:\/\/www.bzpg.pl\/index.php\/wp-json\/wp\/v2\/media?parent=2477"}],"curies":[{"name":"wp","href":"https:\/\/api.w.org\/{rel}","templated":true}]}}