{"id":2492,"date":"2023-06-29T12:18:38","date_gmt":"2023-06-29T10:18:38","guid":{"rendered":"https:\/\/www.bzpg.pl\/?page_id=2492"},"modified":"2023-07-06T10:12:52","modified_gmt":"2023-07-06T08:12:52","slug":"informacje-podstawowe","status":"publish","type":"page","link":"https:\/\/www.bzpg.pl\/index.php\/informacje-podstawowe\/","title":{"rendered":"Informacje podstawowe"},"content":{"rendered":"<p><strong><img loading=\"lazy\" decoding=\"async\" class=\"alignnone wp-image-1435\" src=\"https:\/\/bzpg.e-bielsko.net\/wp-content\/uploads\/2019\/12\/kb_logo-300x122.png\" sizes=\"auto, (max-width: 49px) 100vw, 49px\" srcset=\"https:\/\/www.bzpg.pl\/wp-content\/uploads\/2019\/12\/kb_logo-300x122.png 300w, https:\/\/www.bzpg.pl\/wp-content\/uploads\/2019\/12\/kb_logo-768x313.png 768w, https:\/\/www.bzpg.pl\/wp-content\/uploads\/2019\/12\/kb_logo.png 974w\" alt=\"\" width=\"49\" height=\"20\" \/>\u00a0 Operator \u2013 Informacja podstawowe<\/strong><\/p>\n<p>Operatorem publicznego transportu zbiorowego o charakterze u\u017cyteczno\u015bci publicznej na podstawie zawartej umowy z Organizatorem &#8211; Beskidzkim Zwi\u0105zkiem Powiatowo-Gminnym jest:<\/p>\n<p><strong>Adres siedziby sp\u00f3\u0142ki:<br \/>\n<\/strong>Komunikacja Beskidzka S.A.<\/p>\n<p><img loading=\"lazy\" decoding=\"async\" class=\"alignright wp-image-2564 \" src=\"https:\/\/www.bzpg.pl\/wp-content\/uploads\/2023\/07\/logoKB-1024x433.jpg\" alt=\"\" width=\"539\" height=\"228\" srcset=\"https:\/\/www.bzpg.pl\/wp-content\/uploads\/2023\/07\/logoKB-1024x433.jpg 1024w, https:\/\/www.bzpg.pl\/wp-content\/uploads\/2023\/07\/logoKB-300x127.jpg 300w, https:\/\/www.bzpg.pl\/wp-content\/uploads\/2023\/07\/logoKB-768x325.jpg 768w, https:\/\/www.bzpg.pl\/wp-content\/uploads\/2023\/07\/logoKB-1536x650.jpg 1536w, https:\/\/www.bzpg.pl\/wp-content\/uploads\/2023\/07\/logoKB-47x20.jpg 47w, https:\/\/www.bzpg.pl\/wp-content\/uploads\/2023\/07\/logoKB-46x20.jpg 46w, https:\/\/www.bzpg.pl\/wp-content\/uploads\/2023\/07\/logoKB-20x8.jpg 20w, https:\/\/www.bzpg.pl\/wp-content\/uploads\/2023\/07\/logoKB.jpg 1920w\" sizes=\"auto, (max-width: 539px) 100vw, 539px\" \/>ul. Legion\u00f3w 54<br \/>\n43-300 Bielsko-Bia\u0142a<br \/>\n<strong><br \/>\n<\/strong><strong>KRS:<\/strong>\u00a00000207966 Zarejestrowany w S\u0105dzie Rejonowym w Bielsku-Bia\u0142ej,<\/p>\n<p>VIII Wydz. Gosp. Krajowego Rejestru S\u0105dowego<br \/>\n<strong><br \/>\nNIP:<\/strong>\u00a0547-004-91-47<\/p>\n<p><strong>Kapita\u0142<\/strong>\u00a0<strong>zak\u0142adowy Sp\u00f3\u0142ki<\/strong><strong>:<\/strong><br \/>\n7.500.000,00z\u0142 (wp\u0142acony w ca\u0142o\u015bci).<\/p>\n","protected":false},"excerpt":{"rendered":"<p>\u00a0 Operator \u2013 Informacja podstawowe Operatorem publicznego transportu zbiorowego o charakterze u\u017cyteczno\u015bci publicznej na podstawie zawartej umowy z Organizatorem &#8211; Beskidzkim Zwi\u0105zkiem Powiatowo-Gminnym jest: Adres siedziby sp\u00f3\u0142ki: Komunikacja Beskidzka S.A. ul. Legion\u00f3w 54 43-300 Bielsko-Bia\u0142a KRS:\u00a00000207966 Zarejestrowany w S\u0105dzie Rejonowym w Bielsku-Bia\u0142ej, VIII Wydz. Gosp. Krajowego Rejestru S\u0105dowego NIP:\u00a0547-004-91-47 Kapita\u0142\u00a0zak\u0142adowy Sp\u00f3\u0142ki: 7.500.000,00z\u0142 (wp\u0142acony w ca\u0142o\u015bci).<\/p>\n","protected":false},"author":4,"featured_media":0,"parent":0,"menu_order":0,"comment_status":"closed","ping_status":"closed","template":"","meta":{"footnotes":""},"class_list":["post-2492","page","type-page","status-publish","hentry"],"_links":{"self":[{"href":"https:\/\/www.bzpg.pl\/index.php\/wp-json\/wp\/v2\/pages\/2492","targetHints":{"allow":["GET"]}}],"collection":[{"href":"https:\/\/www.bzpg.pl\/index.php\/wp-json\/wp\/v2\/pages"}],"about":[{"href":"https:\/\/www.bzpg.pl\/index.php\/wp-json\/wp\/v2\/types\/page"}],"author":[{"embeddable":true,"href":"https:\/\/www.bzpg.pl\/index.php\/wp-json\/wp\/v2\/users\/4"}],"replies":[{"embeddable":true,"href":"https:\/\/www.bzpg.pl\/index.php\/wp-json\/wp\/v2\/comments?post=2492"}],"version-history":[{"count":6,"href":"https:\/\/www.bzpg.pl\/index.php\/wp-json\/wp\/v2\/pages\/2492\/revisions"}],"predecessor-version":[{"id":2566,"href":"https:\/\/www.bzpg.pl\/index.php\/wp-json\/wp\/v2\/pages\/2492\/revisions\/2566"}],"wp:attachment":[{"href":"https:\/\/www.bzpg.pl\/index.php\/wp-json\/wp\/v2\/media?parent=2492"}],"curies":[{"name":"wp","href":"https:\/\/api.w.org\/{rel}","templated":true}]}}