{"id":2531,"date":"2023-07-05T09:34:09","date_gmt":"2023-07-05T07:34:09","guid":{"rendered":"https:\/\/www.bzpg.pl\/?page_id=2531"},"modified":"2023-07-05T09:53:40","modified_gmt":"2023-07-05T07:53:40","slug":"tabor","status":"publish","type":"page","link":"https:\/\/www.bzpg.pl\/index.php\/tabor\/","title":{"rendered":"Tabor"},"content":{"rendered":"<p><strong><img loading=\"lazy\" decoding=\"async\" class=\"alignnone wp-image-1435\" src=\"https:\/\/bzpg.e-bielsko.net\/wp-content\/uploads\/2019\/12\/kb_logo-300x122.png\" sizes=\"auto, (max-width: 49px) 100vw, 49px\" srcset=\"https:\/\/www.bzpg.pl\/wp-content\/uploads\/2019\/12\/kb_logo-300x122.png 300w, https:\/\/www.bzpg.pl\/wp-content\/uploads\/2019\/12\/kb_logo-768x313.png 768w, https:\/\/www.bzpg.pl\/wp-content\/uploads\/2019\/12\/kb_logo.png 974w\" alt=\"\" width=\"49\" height=\"20\" \/>\u00a0 Publiczny transport zbiorowy \u2013 Tabor<\/strong><\/p>\n<p>Jako organizator publicznego transportu zbiorowego d\u0105\u017cymy do poprawy jako\u015bci \u015bwiadczonych us\u0142ug poprzez inwestycje w tabor. Obecnie us\u0142ugi komunikacji publicznej \u015bwiadczone s\u0105 110 autobusami. Tabor operatora sp\u00f3\u0142ki Komunikacja Beskidzka S.A. jak r\u00f3wnie\u017c organizatora Beskidzkiego Zwi\u0105zku Powiatowo-Gminnego jest zr\u00f3\u017cnicowany. Pocz\u0105wszy od pojazd\u00f3w wysokopok\u0142adowych poprzez niskowej\u015bciowe jak r\u00f3wnie\u017c nieskopod\u0142ogowe, klimatyzowane pojazdy.<\/p>\n<p>Nasze wsp\u00f3lne inwestycje w tabor to zar\u00f3wno kupowanie nowych pojazd\u00f3w, jak i modernizacja modeli starszych.<\/p>\n<p><img loading=\"lazy\" decoding=\"async\" class=\"alignnone size-full wp-image-2534\" src=\"https:\/\/www.bzpg.pl\/wp-content\/uploads\/2023\/07\/tabor.jpg\" alt=\"\" width=\"856\" height=\"461\" srcset=\"https:\/\/www.bzpg.pl\/wp-content\/uploads\/2023\/07\/tabor.jpg 856w, https:\/\/www.bzpg.pl\/wp-content\/uploads\/2023\/07\/tabor-300x162.jpg 300w, https:\/\/www.bzpg.pl\/wp-content\/uploads\/2023\/07\/tabor-768x414.jpg 768w, https:\/\/www.bzpg.pl\/wp-content\/uploads\/2023\/07\/tabor-37x20.jpg 37w, https:\/\/www.bzpg.pl\/wp-content\/uploads\/2023\/07\/tabor-20x11.jpg 20w\" sizes=\"auto, (max-width: 856px) 100vw, 856px\" \/><\/p>\n<p>Ponadto inwestujemy w niskoemisyjny transport publiczny, poprzez wymian\u0119 najstarszych pojazd\u00f3w. Obecnie 30% pojazd\u00f3w stanowi\u0105 pojazdy niskoemisyjne.<\/p>\n<p><img loading=\"lazy\" decoding=\"async\" class=\"alignnone size-full wp-image-2514\" src=\"https:\/\/www.bzpg.pl\/wp-content\/uploads\/2023\/07\/CNG.jpg\" alt=\"\" width=\"1037\" height=\"560\" srcset=\"https:\/\/www.bzpg.pl\/wp-content\/uploads\/2023\/07\/CNG.jpg 1037w, https:\/\/www.bzpg.pl\/wp-content\/uploads\/2023\/07\/CNG-300x162.jpg 300w, https:\/\/www.bzpg.pl\/wp-content\/uploads\/2023\/07\/CNG-1024x553.jpg 1024w, https:\/\/www.bzpg.pl\/wp-content\/uploads\/2023\/07\/CNG-768x415.jpg 768w, https:\/\/www.bzpg.pl\/wp-content\/uploads\/2023\/07\/CNG-37x20.jpg 37w, https:\/\/www.bzpg.pl\/wp-content\/uploads\/2023\/07\/CNG-20x11.jpg 20w\" sizes=\"auto, (max-width: 1037px) 100vw, 1037px\" \/><\/p>\n<p>&nbsp;<\/p>\n","protected":false},"excerpt":{"rendered":"<p>\u00a0 Publiczny transport zbiorowy \u2013 Tabor Jako organizator publicznego transportu zbiorowego d\u0105\u017cymy do poprawy jako\u015bci \u015bwiadczonych us\u0142ug poprzez inwestycje w tabor. Obecnie us\u0142ugi komunikacji publicznej \u015bwiadczone s\u0105 110 autobusami. Tabor operatora sp\u00f3\u0142ki Komunikacja Beskidzka S.A. jak r\u00f3wnie\u017c organizatora Beskidzkiego Zwi\u0105zku Powiatowo-Gminnego jest zr\u00f3\u017cnicowany. Pocz\u0105wszy od pojazd\u00f3w wysokopok\u0142adowych poprzez niskowej\u015bciowe jak r\u00f3wnie\u017c nieskopod\u0142ogowe, klimatyzowane pojazdy. Nasze&hellip; <br \/> <a class=\"read-more\" href=\"https:\/\/www.bzpg.pl\/index.php\/tabor\/\">Read more<\/a><\/p>\n","protected":false},"author":4,"featured_media":0,"parent":0,"menu_order":0,"comment_status":"closed","ping_status":"closed","template":"","meta":{"footnotes":""},"class_list":["post-2531","page","type-page","status-publish","hentry"],"_links":{"self":[{"href":"https:\/\/www.bzpg.pl\/index.php\/wp-json\/wp\/v2\/pages\/2531","targetHints":{"allow":["GET"]}}],"collection":[{"href":"https:\/\/www.bzpg.pl\/index.php\/wp-json\/wp\/v2\/pages"}],"about":[{"href":"https:\/\/www.bzpg.pl\/index.php\/wp-json\/wp\/v2\/types\/page"}],"author":[{"embeddable":true,"href":"https:\/\/www.bzpg.pl\/index.php\/wp-json\/wp\/v2\/users\/4"}],"replies":[{"embeddable":true,"href":"https:\/\/www.bzpg.pl\/index.php\/wp-json\/wp\/v2\/comments?post=2531"}],"version-history":[{"count":3,"href":"https:\/\/www.bzpg.pl\/index.php\/wp-json\/wp\/v2\/pages\/2531\/revisions"}],"predecessor-version":[{"id":2535,"href":"https:\/\/www.bzpg.pl\/index.php\/wp-json\/wp\/v2\/pages\/2531\/revisions\/2535"}],"wp:attachment":[{"href":"https:\/\/www.bzpg.pl\/index.php\/wp-json\/wp\/v2\/media?parent=2531"}],"curies":[{"name":"wp","href":"https:\/\/api.w.org\/{rel}","templated":true}]}}