{"id":2536,"date":"2023-07-05T09:54:52","date_gmt":"2023-07-05T07:54:52","guid":{"rendered":"https:\/\/www.bzpg.pl\/?page_id=2536"},"modified":"2023-07-05T10:02:50","modified_gmt":"2023-07-05T08:02:50","slug":"komunikacja-bez-barier","status":"publish","type":"page","link":"https:\/\/www.bzpg.pl\/index.php\/komunikacja-bez-barier\/","title":{"rendered":"Komunikacja BEZ BARIER"},"content":{"rendered":"<p><strong><img loading=\"lazy\" decoding=\"async\" class=\"alignnone wp-image-1435\" src=\"https:\/\/bzpg.e-bielsko.net\/wp-content\/uploads\/2019\/12\/kb_logo-300x122.png\" sizes=\"auto, (max-width: 49px) 100vw, 49px\" srcset=\"https:\/\/www.bzpg.pl\/wp-content\/uploads\/2019\/12\/kb_logo-300x122.png 300w, https:\/\/www.bzpg.pl\/wp-content\/uploads\/2019\/12\/kb_logo-768x313.png 768w, https:\/\/www.bzpg.pl\/wp-content\/uploads\/2019\/12\/kb_logo.png 974w\" alt=\"\" width=\"49\" height=\"20\" \/>\u00a0 Publiczny transport zbiorowy \u2013 Komunikacja BEZ BARIER<\/strong><\/p>\n<p>Wa\u017cnym aspektem w organizacji transportu publicznego jest komunikacja dostosowana do os\u00f3b niepe\u0142nosprawnych. Spraw\u0105 bezdyskusyjn\u0105 jest obecnie zakup nowego taboru dostosowanego do os\u00f3b niepe\u0142nosprawnych czy os\u00f3b o szczeg\u00f3lnych potrzebach, jednak w miar\u0119 mo\u017cliwo\u015bci staramy si\u0119 r\u00f3wnie\u017c modernizowa\u0107 starsze nasze pojazdy w odpowiednie systemy umo\u017cliwiaj\u0105ce komfortowe korzystanie z nich przez ka\u017cdego pasa\u017cera. <img loading=\"lazy\" decoding=\"async\" class=\"alignnone size-full wp-image-2539\" src=\"https:\/\/www.bzpg.pl\/wp-content\/uploads\/2023\/07\/KB_bb1.jpg\" alt=\"\" width=\"859\" height=\"471\" srcset=\"https:\/\/www.bzpg.pl\/wp-content\/uploads\/2023\/07\/KB_bb1.jpg 859w, https:\/\/www.bzpg.pl\/wp-content\/uploads\/2023\/07\/KB_bb1-300x164.jpg 300w, https:\/\/www.bzpg.pl\/wp-content\/uploads\/2023\/07\/KB_bb1-768x421.jpg 768w, https:\/\/www.bzpg.pl\/wp-content\/uploads\/2023\/07\/KB_bb1-36x20.jpg 36w, https:\/\/www.bzpg.pl\/wp-content\/uploads\/2023\/07\/KB_bb1-20x11.jpg 20w\" sizes=\"auto, (max-width: 859px) 100vw, 859px\" \/> <img loading=\"lazy\" decoding=\"async\" class=\"alignnone size-full wp-image-2540\" src=\"https:\/\/www.bzpg.pl\/wp-content\/uploads\/2023\/07\/KB_bb2.jpg\" alt=\"\" width=\"860\" height=\"471\" srcset=\"https:\/\/www.bzpg.pl\/wp-content\/uploads\/2023\/07\/KB_bb2.jpg 860w, https:\/\/www.bzpg.pl\/wp-content\/uploads\/2023\/07\/KB_bb2-300x164.jpg 300w, https:\/\/www.bzpg.pl\/wp-content\/uploads\/2023\/07\/KB_bb2-768x421.jpg 768w, https:\/\/www.bzpg.pl\/wp-content\/uploads\/2023\/07\/KB_bb2-37x20.jpg 37w, https:\/\/www.bzpg.pl\/wp-content\/uploads\/2023\/07\/KB_bb2-20x11.jpg 20w\" sizes=\"auto, (max-width: 860px) 100vw, 860px\" \/> <img loading=\"lazy\" decoding=\"async\" class=\"alignnone size-full wp-image-2541\" src=\"https:\/\/www.bzpg.pl\/wp-content\/uploads\/2023\/07\/KB_bb3.jpg\" alt=\"\" width=\"857\" height=\"469\" srcset=\"https:\/\/www.bzpg.pl\/wp-content\/uploads\/2023\/07\/KB_bb3.jpg 857w, https:\/\/www.bzpg.pl\/wp-content\/uploads\/2023\/07\/KB_bb3-300x164.jpg 300w, https:\/\/www.bzpg.pl\/wp-content\/uploads\/2023\/07\/KB_bb3-768x420.jpg 768w, https:\/\/www.bzpg.pl\/wp-content\/uploads\/2023\/07\/KB_bb3-37x20.jpg 37w, https:\/\/www.bzpg.pl\/wp-content\/uploads\/2023\/07\/KB_bb3-20x11.jpg 20w\" sizes=\"auto, (max-width: 857px) 100vw, 857px\" \/> <img loading=\"lazy\" decoding=\"async\" class=\"alignnone size-full wp-image-2542\" src=\"https:\/\/www.bzpg.pl\/wp-content\/uploads\/2023\/07\/KB_bb4.jpg\" alt=\"\" width=\"863\" height=\"473\" srcset=\"https:\/\/www.bzpg.pl\/wp-content\/uploads\/2023\/07\/KB_bb4.jpg 863w, https:\/\/www.bzpg.pl\/wp-content\/uploads\/2023\/07\/KB_bb4-300x164.jpg 300w, https:\/\/www.bzpg.pl\/wp-content\/uploads\/2023\/07\/KB_bb4-768x421.jpg 768w, https:\/\/www.bzpg.pl\/wp-content\/uploads\/2023\/07\/KB_bb4-36x20.jpg 36w, https:\/\/www.bzpg.pl\/wp-content\/uploads\/2023\/07\/KB_bb4-20x11.jpg 20w\" sizes=\"auto, (max-width: 863px) 100vw, 863px\" \/> <img loading=\"lazy\" decoding=\"async\" class=\"alignnone size-full wp-image-2543\" src=\"https:\/\/www.bzpg.pl\/wp-content\/uploads\/2023\/07\/KB_bb5.jpg\" alt=\"\" width=\"860\" height=\"468\" srcset=\"https:\/\/www.bzpg.pl\/wp-content\/uploads\/2023\/07\/KB_bb5.jpg 860w, https:\/\/www.bzpg.pl\/wp-content\/uploads\/2023\/07\/KB_bb5-300x163.jpg 300w, https:\/\/www.bzpg.pl\/wp-content\/uploads\/2023\/07\/KB_bb5-768x418.jpg 768w, https:\/\/www.bzpg.pl\/wp-content\/uploads\/2023\/07\/KB_bb5-37x20.jpg 37w, https:\/\/www.bzpg.pl\/wp-content\/uploads\/2023\/07\/KB_bb5-20x11.jpg 20w\" sizes=\"auto, (max-width: 860px) 100vw, 860px\" \/><\/p>\n<p>&nbsp;<\/p>\n<p>&nbsp;<\/p>\n","protected":false},"excerpt":{"rendered":"<p>\u00a0 Publiczny transport zbiorowy \u2013 Komunikacja BEZ BARIER Wa\u017cnym aspektem w organizacji transportu publicznego jest komunikacja dostosowana do os\u00f3b niepe\u0142nosprawnych. Spraw\u0105 bezdyskusyjn\u0105 jest obecnie zakup nowego taboru dostosowanego do os\u00f3b niepe\u0142nosprawnych czy os\u00f3b o szczeg\u00f3lnych potrzebach, jednak w miar\u0119 mo\u017cliwo\u015bci staramy si\u0119 r\u00f3wnie\u017c modernizowa\u0107 starsze nasze pojazdy w odpowiednie systemy umo\u017cliwiaj\u0105ce komfortowe korzystanie z nich&hellip; <br \/> <a class=\"read-more\" href=\"https:\/\/www.bzpg.pl\/index.php\/komunikacja-bez-barier\/\">Read more<\/a><\/p>\n","protected":false},"author":4,"featured_media":0,"parent":0,"menu_order":0,"comment_status":"closed","ping_status":"closed","template":"","meta":{"footnotes":""},"class_list":["post-2536","page","type-page","status-publish","hentry"],"_links":{"self":[{"href":"https:\/\/www.bzpg.pl\/index.php\/wp-json\/wp\/v2\/pages\/2536","targetHints":{"allow":["GET"]}}],"collection":[{"href":"https:\/\/www.bzpg.pl\/index.php\/wp-json\/wp\/v2\/pages"}],"about":[{"href":"https:\/\/www.bzpg.pl\/index.php\/wp-json\/wp\/v2\/types\/page"}],"author":[{"embeddable":true,"href":"https:\/\/www.bzpg.pl\/index.php\/wp-json\/wp\/v2\/users\/4"}],"replies":[{"embeddable":true,"href":"https:\/\/www.bzpg.pl\/index.php\/wp-json\/wp\/v2\/comments?post=2536"}],"version-history":[{"count":3,"href":"https:\/\/www.bzpg.pl\/index.php\/wp-json\/wp\/v2\/pages\/2536\/revisions"}],"predecessor-version":[{"id":2544,"href":"https:\/\/www.bzpg.pl\/index.php\/wp-json\/wp\/v2\/pages\/2536\/revisions\/2544"}],"wp:attachment":[{"href":"https:\/\/www.bzpg.pl\/index.php\/wp-json\/wp\/v2\/media?parent=2536"}],"curies":[{"name":"wp","href":"https:\/\/api.w.org\/{rel}","templated":true}]}}