{"id":2931,"date":"2026-02-04T10:46:08","date_gmt":"2026-02-04T09:46:08","guid":{"rendered":"https:\/\/www.bzpg.pl\/?page_id=2931"},"modified":"2026-03-31T14:43:19","modified_gmt":"2026-03-31T12:43:19","slug":"sprzedaz-autobusow","status":"publish","type":"page","link":"https:\/\/www.bzpg.pl\/index.php\/o-bzpg\/sprzedaz-autobusow\/","title":{"rendered":"I przetarg na sprzeda\u017c 6 autobus\u00f3w"},"content":{"rendered":"<p>Post\u0119powanie w sprawie sprzeda\u017cy mienia ruchomego Beskidzkiego Zwi\u0105zku Powiatowo-Gminnego &#8211; 6 szt. autobus\u00f3w.<\/p>\r\n<p>Wynik post\u0119powania:<\/p>\r\n<p><a href=\"https:\/\/www.bzpg.pl\/wp-content\/uploads\/2026\/03\/Informacja-o-wyniku-przetargu.pdf\">Informacja o wyniku przetargu<\/a><\/p>\r\n<p><a href=\"https:\/\/www.bzpg.pl\/wp-content\/uploads\/2026\/02\/Ogloszenie_sprzedaz-6-autobusow.pdf\">Og\u0142oszenie_sprzeda\u017c 6 autobus\u00f3w<\/a><\/p>\r\n<p><img loading=\"lazy\" decoding=\"async\" class=\"alignnone  wp-image-2958\" src=\"https:\/\/www.bzpg.pl\/wp-content\/uploads\/2026\/02\/zdj1.jpg\" alt=\"\" width=\"250\" height=\"332\" srcset=\"https:\/\/www.bzpg.pl\/wp-content\/uploads\/2026\/02\/zdj1.jpg 666w, https:\/\/www.bzpg.pl\/wp-content\/uploads\/2026\/02\/zdj1-226x300.jpg 226w, https:\/\/www.bzpg.pl\/wp-content\/uploads\/2026\/02\/zdj1-15x20.jpg 15w\" sizes=\"auto, (max-width: 250px) 100vw, 250px\" \/> <img loading=\"lazy\" decoding=\"async\" class=\"alignnone  wp-image-2959\" src=\"https:\/\/www.bzpg.pl\/wp-content\/uploads\/2026\/02\/zdj2.jpg\" alt=\"\" width=\"250\" height=\"333\" srcset=\"https:\/\/www.bzpg.pl\/wp-content\/uploads\/2026\/02\/zdj2.jpg 665w, https:\/\/www.bzpg.pl\/wp-content\/uploads\/2026\/02\/zdj2-225x300.jpg 225w, https:\/\/www.bzpg.pl\/wp-content\/uploads\/2026\/02\/zdj2-15x20.jpg 15w\" sizes=\"auto, (max-width: 250px) 100vw, 250px\" \/> <img loading=\"lazy\" decoding=\"async\" class=\"alignnone  wp-image-2960\" src=\"https:\/\/www.bzpg.pl\/wp-content\/uploads\/2026\/02\/zdj3.jpg\" alt=\"\" width=\"266\" height=\"335\" srcset=\"https:\/\/www.bzpg.pl\/wp-content\/uploads\/2026\/02\/zdj3.jpg 643w, https:\/\/www.bzpg.pl\/wp-content\/uploads\/2026\/02\/zdj3-238x300.jpg 238w, https:\/\/www.bzpg.pl\/wp-content\/uploads\/2026\/02\/zdj3-16x20.jpg 16w\" sizes=\"auto, (max-width: 266px) 100vw, 266px\" \/> <img loading=\"lazy\" decoding=\"async\" class=\"alignnone  wp-image-2961\" src=\"https:\/\/www.bzpg.pl\/wp-content\/uploads\/2026\/02\/zdj4.jpg\" alt=\"\" width=\"250\" height=\"335\" srcset=\"https:\/\/www.bzpg.pl\/wp-content\/uploads\/2026\/02\/zdj4.jpg 662w, https:\/\/www.bzpg.pl\/wp-content\/uploads\/2026\/02\/zdj4-224x300.jpg 224w, https:\/\/www.bzpg.pl\/wp-content\/uploads\/2026\/02\/zdj4-15x20.jpg 15w\" sizes=\"auto, (max-width: 250px) 100vw, 250px\" \/><\/p>\r\n<p>Dzia\u0142aj\u0105c na podstawie Uchwa\u0142y nr 15\/2025 Zarz\u0105du Beskidzkiego Zwi\u0105zku Powiatowo-Gminnego z dnia 14 listopada 2025 r. <em>w sprawie przyj\u0119cia Regulaminu sposobu i trybu gospodarowania sk\u0142adnikami rzeczowymi maj\u0105tku ruchomego stanowi\u0105cego w\u0142asno\u015b\u0107 Beskidzkiego Zwi\u0105zku Powiatowo-Gminnego, w tym powierzonego lub u\u017cyczonego innym podmiotom<\/em><\/p>\r\n<ol>\r\n<li><strong><u>NAZWA I SIEDZIBA JEDNOSTKI<\/u><\/strong><\/li>\r\n<\/ol>\r\n<p><strong>\u00a0<\/strong>Organizator przetargu (Sprzedaj\u0105cy):\u00a0 <strong>Beskidzki Zwi\u0105zek Powiatowo-Gminny, Ul. Legion\u00f3w 54, 43-300 Bielsko-Bia\u0142a \u00a0\u00a0\u00a0\u00a0\u00a0\u00a0\u00a0\u00a0\u00a0\u00a0\u00a0\u00a0\u00a0\u00a0\u00a0\u00a0\u00a0\u00a0\u00a0\u00a0\u00a0\u00a0\u00a0\u00a0\u00a0\u00a0\u00a0\u00a0\u00a0\u00a0\u00a0\u00a0\u00a0\u00a0\u00a0\u00a0\u00a0\u00a0\u00a0\u00a0\u00a0\u00a0\u00a0\u00a0\u00a0\u00a0\u00a0\u00a0\u00a0\u00a0\u00a0\u00a0\u00a0\u00a0\u00a0\u00a0\u00a0\u00a0\u00a0\u00a0\u00a0\u00a0\u00a0\u00a0\u00a0\u00a0\u00a0\u00a0\u00a0\u00a0\u00a0\u00a0\u00a0\u00a0\u00a0\u00a0<\/strong><\/p>\r\n<p>REGON: 367126283,<strong> \u00a0<\/strong><\/p>\r\n<p>NIP: 937\u00a0269 42 22<strong>\u00a0\u00a0\u00a0\u00a0\u00a0\u00a0\u00a0 \u00a0\u00a0\u00a0\u00a0\u00a0\u00a0\u00a0\u00a0\u00a0\u00a0\u00a0\u00a0\u00a0\u00a0\u00a0\u00a0\u00a0\u00a0\u00a0\u00a0\u00a0\u00a0\u00a0\u00a0\u00a0\u00a0\u00a0\u00a0\u00a0\u00a0\u00a0\u00a0\u00a0\u00a0\u00a0\u00a0\u00a0\u00a0\u00a0\u00a0\u00a0\u00a0\u00a0\u00a0\u00a0\u00a0\u00a0\u00a0\u00a0\u00a0\u00a0\u00a0\u00a0\u00a0\u00a0\u00a0\u00a0\u00a0\u00a0\u00a0\u00a0\u00a0\u00a0\u00a0\u00a0\u00a0\u00a0\u00a0\u00a0\u00a0\u00a0\u00a0\u00a0\u00a0\u00a0\u00a0\u00a0\u00a0\u00a0\u00a0\u00a0\u00a0\u00a0\u00a0\u00a0\u00a0\u00a0\u00a0\u00a0\u00a0\u00a0\u00a0\u00a0\u00a0\u00a0\u00a0\u00a0\u00a0\u00a0\u00a0\u00a0\u00a0\u00a0\u00a0\u00a0\u00a0\u00a0<\/strong><\/p>\r\n<p>numer telefonu: (33) 829 53 18<strong>\u00a0\u00a0\u00a0\u00a0\u00a0\u00a0\u00a0\u00a0\u00a0\u00a0\u00a0\u00a0\u00a0\u00a0\u00a0\u00a0\u00a0\u00a0\u00a0\u00a0\u00a0\u00a0\u00a0\u00a0\u00a0\u00a0\u00a0\u00a0\u00a0\u00a0\u00a0\u00a0\u00a0\u00a0\u00a0\u00a0\u00a0\u00a0\u00a0\u00a0\u00a0\u00a0\u00a0\u00a0\u00a0\u00a0\u00a0\u00a0\u00a0\u00a0\u00a0\u00a0\u00a0\u00a0\u00a0\u00a0\u00a0\u00a0\u00a0\u00a0\u00a0\u00a0\u00a0\u00a0\u00a0\u00a0\u00a0\u00a0\u00a0\u00a0\u00a0\u00a0\u00a0\u00a0\u00a0\u00a0\u00a0\u00a0\u00a0\u00a0\u00a0\u00a0\u00a0\u00a0\u00a0\u00a0\u00a0\u00a0\u00a0\u00a0\u00a0\u00a0\u00a0\u00a0\u00a0\u00a0\u00a0\u00a0\u00a0\u00a0 <\/strong><\/p>\r\n<p>adres poczty elektronicznej: \u00a0biuro@bzpg.pl\u00a0 <strong>\u00a0\u00a0\u00a0\u00a0\u00a0\u00a0\u00a0\u00a0\u00a0\u00a0\u00a0\u00a0\u00a0\u00a0\u00a0\u00a0\u00a0\u00a0\u00a0\u00a0\u00a0\u00a0\u00a0\u00a0\u00a0\u00a0\u00a0\u00a0\u00a0\u00a0\u00a0\u00a0\u00a0\u00a0\u00a0\u00a0\u00a0\u00a0\u00a0\u00a0\u00a0\u00a0\u00a0\u00a0\u00a0\u00a0\u00a0\u00a0\u00a0\u00a0\u00a0\u00a0\u00a0\u00a0\u00a0\u00a0\u00a0\u00a0\u00a0\u00a0\u00a0\u00a0\u00a0\u00a0\u00a0\u00a0\u00a0\u00a0\u00a0\u00a0\u00a0\u00a0\u00a0\u00a0\u00a0\u00a0\u00a0\u00a0\u00a0<\/strong><\/p>\r\n<p><strong>\u00a0<\/strong>adres strony internetowej: www.bzpg.pl\u00a0<\/p>\r\n<ol>\r\n<li><strong><u>PRZEDMIOT PRZETARGU I CENA WYWO\u0141AWCZA<\/u><\/strong><\/li>\r\n<\/ol>\r\n<ol>\r\n<li>Przedmiotem post\u0119powania jest sprzeda\u017c 6 sztuk autobus\u00f3w marki AUTOSAN. Sprzedaj\u0105cy dzieli przetarg na zadania i dopuszcza sk\u0142adanie ofert cz\u0119\u015bciowych, tj. na co najmniej jeden autobus.<\/li>\r\n<li>Wykaz autobus\u00f3w i cena wywo\u0142awcza:<\/li>\r\n<\/ol>\r\n<table width=\"604\">\r\n<tbody>\r\n<tr>\r\n<td width=\"61\">\r\n<p>Numer zadania<\/p>\r\n<\/td>\r\n<td width=\"156\">\r\n<p>Marka, Model<\/p>\r\n<\/td>\r\n<td width=\"111\">\r\n<p>Numer rejestracyjny<\/p>\r\n<\/td>\r\n<td width=\"68\">\r\n<p>Rok produkcji<\/p>\r\n<\/td>\r\n<td width=\"94\">\r\n<p>Przebieg*<\/p>\r\n<\/td>\r\n<td width=\"113\">\r\n<p>Cena wywo\u0142awcza*<\/p>\r\n<\/td>\r\n<\/tr>\r\n<tr>\r\n<td width=\"61\">\r\n<p>1.\u00a0\u00a0\u00a0\u00a0\u00a0 \u00a0<\/p>\r\n<\/td>\r\n<td width=\"156\">\r\n<p>AUTOSAN H7.20 7.0t<\/p>\r\n<\/td>\r\n<td width=\"111\">\r\n<p>SB 2101H<\/p>\r\n<\/td>\r\n<td width=\"68\">\r\n<p>2011<\/p>\r\n<\/td>\r\n<td width=\"94\">\r\n<p>670\u00a0900 km<\/p>\r\n<\/td>\r\n<td width=\"113\">\r\n<p>24 065,04 z\u0142<\/p>\r\n<\/td>\r\n<\/tr>\r\n<tr>\r\n<td width=\"61\">\r\n<p>2.\u00a0\u00a0\u00a0\u00a0\u00a0 \u00a0<\/p>\r\n<\/td>\r\n<td width=\"156\">\r\n<p>AUTOSAN H7.20 7.0t<\/p>\r\n<\/td>\r\n<td width=\"111\">\r\n<p>SB 2102H<\/p>\r\n<\/td>\r\n<td width=\"68\">\r\n<p>2011<\/p>\r\n<\/td>\r\n<td width=\"94\">\r\n<p>728 033 km<\/p>\r\n<\/td>\r\n<td width=\"113\">\r\n<p>23\u00a0333,33 z\u0142<\/p>\r\n<\/td>\r\n<\/tr>\r\n<tr>\r\n<td width=\"61\">\r\n<p>3.\u00a0\u00a0\u00a0\u00a0\u00a0 \u00a0<\/p>\r\n<\/td>\r\n<td width=\"156\">\r\n<p>AUTOSAN H7.20 7.0t<\/p>\r\n<\/td>\r\n<td width=\"111\">\r\n<p>SB 2105H<\/p>\r\n<\/td>\r\n<td width=\"68\">\r\n<p>2011<\/p>\r\n<\/td>\r\n<td width=\"94\">\r\n<p>592 890 km<\/p>\r\n<\/td>\r\n<td width=\"113\">\r\n<p>24 552,85 z\u0142<\/p>\r\n<\/td>\r\n<\/tr>\r\n<tr>\r\n<td width=\"61\">\r\n<p>4.\u00a0\u00a0\u00a0\u00a0\u00a0 \u00a0<\/p>\r\n<\/td>\r\n<td width=\"156\">\r\n<p>AUTOSAN H7.20 7.0t<\/p>\r\n<\/td>\r\n<td width=\"111\">\r\n<p>SB 2106H<\/p>\r\n<\/td>\r\n<td width=\"68\">\r\n<p>2011<\/p>\r\n<\/td>\r\n<td width=\"94\">\r\n<p>889 515 km<\/p>\r\n<\/td>\r\n<td width=\"113\">\r\n<p>18\u00a0699,19 z\u0142<\/p>\r\n<\/td>\r\n<\/tr>\r\n<tr>\r\n<td width=\"61\">\r\n<p>5.\u00a0\u00a0\u00a0\u00a0\u00a0 \u00a0<\/p>\r\n<\/td>\r\n<td width=\"156\">\r\n<p>AUTOSAN H7.20 7.0t<\/p>\r\n<\/td>\r\n<td width=\"111\">\r\n<p>SB 2107H<\/p>\r\n<\/td>\r\n<td width=\"68\">\r\n<p>2011<\/p>\r\n<\/td>\r\n<td width=\"94\">\r\n<p>605 634 km<\/p>\r\n<\/td>\r\n<td width=\"113\">\r\n<p>24\u00a0471,54 z\u0142<\/p>\r\n<\/td>\r\n<\/tr>\r\n<tr>\r\n<td width=\"61\">\r\n<p>6.\u00a0\u00a0\u00a0\u00a0\u00a0 \u00a0<\/p>\r\n<\/td>\r\n<td width=\"156\">\r\n<p>AUTOSAN H7.20 7.0t<\/p>\r\n<\/td>\r\n<td width=\"111\">\r\n<p>SB 2110H<\/p>\r\n<\/td>\r\n<td width=\"68\">\r\n<p>2011<\/p>\r\n<\/td>\r\n<td width=\"94\">\r\n<p>675 575 km<\/p>\r\n<\/td>\r\n<td width=\"113\">\r\n<p>24\u00a0065,04 z\u0142<\/p>\r\n<\/td>\r\n<\/tr>\r\n<\/tbody>\r\n<\/table>\r\n<ul>\r\n<li>Podane ceny nie s\u0105 obj\u0119te podatkiem od towar\u00f3w i us\u0142ug VAT \u2013 sprzedawca nie jest czynnym podatnikiem VAT<\/li>\r\n<\/ul>\r\n<ol start=\"3\">\r\n<li>Rodzaj silnika\/rodzaj paliwa: diesel,<\/li>\r\n<li>Autobusy s\u0105 obecnie wy\u0142\u0105czone z eksploatacji.<\/li>\r\n<li>Autobusy b\u0119d\u0105ce przedmiotem przetargu mo\u017cna ogl\u0105da\u0107 (od dnia zamieszczenia niniejszego og\u0142oszenia do dnia poprzedzaj\u0105cego dzie\u0144 przewidziany na z\u0142o\u017cenie ofert) na terenie zajezdni Komunikacji Beskidzkiej przy ul. Legion\u00f3w 54, 43-300 Bielsko-Bia\u0142a, w dniach od 17 do 19 lutego oraz od 24 do 26 lutego w godzinach od godz. 9:00 do godz. 12:00, po wcze\u015bniejszym um\u00f3wieniu pod numerem telefonu (33) 829 53 18.<\/li>\r\n<\/ol>\r\n<p>&nbsp;<\/p>\r\n<ul>\r\n<li><strong><u>WADIUM<\/u><\/strong><\/li>\r\n<\/ul>\r\n<ol>\r\n<li>Ka\u017cdy Oferent w przypadku z\u0142o\u017cenia oferty w przedmiotowym post\u0119powaniu, zobowi\u0105zany jest do wniesienia wadium w wysoko\u015bci 10 % ceny wywo\u0142awczej pojedynczego sprzedawanego autobusu, tytu\u0142em zabezpieczenia wykonania zobowi\u0105zania wynikaj\u0105cego z przetargu \u2013 najp\u00f3\u017aniej w przeddzie\u0144 rozstrzygni\u0119cia przetargu.<\/li>\r\n<li>Wadium nale\u017cy wnie\u015b\u0107 na rachunek bankowy Organizatora nr 74 1050 1070 1000 0090 8640 5686 tytu\u0142em \u201eWadium przetargowe \u2013 sprzeda\u017c autobus\u00f3w AUTOSAN\u201d. Decyduje data wp\u0142ywu na rachunek.<\/li>\r\n<li>Dokument potwierdzaj\u0105cy wniesienie wadium przez Oferenta nale\u017cy do\u0142\u0105czy\u0107 do z\u0142o\u017conej oferty.<\/li>\r\n<\/ol>\r\n<p>Zgodnie z \u00a7 9 Uchwa\u0142y nr 15\/2025 Zarz\u0105du Beskidzkiego Zwi\u0105zku Powiatowo-Gminnego \u00a0\u00a0\u00a0\u00a0\u00a0\u00a0\u00a0\u00a0\u00a0\u00a0\u00a0\u00a0\u00a0\u00a0\u00a0\u00a0\u00a0\u00a0\u00a0\u00a0\u00a0z dnia 14 listopada 2025 r. w sprawie przyj\u0119cia Regulaminu sposobu i trybu gospodarowania sk\u0142adnikami rzeczowymi maj\u0105tku ruchomego stanowi\u0105cego w\u0142asno\u015b\u0107 Beskidzkiego Zwi\u0105zku Powiatowo-Gminnego, w tym powierzonego lub u\u017cyczonego innym podmiotom Organizator informuje, \u017ce:<\/p>\r\n<ul>\r\n<li>Wadium z\u0142o\u017cone przez nabywc\u0119 zostanie zaliczone na poczet ceny, a pozosta\u0142ym uczestnikom przetargu zwr\u00f3cone niezw\u0142ocznie lecz nie p\u00f3\u017aniej ni\u017c do 7 dni po zamkni\u0119ciu przetargu.<\/li>\r\n<li>Wadium nie podlega zwrotowi w przypadku, gdy uczestnik przetargu, kt\u00f3ry wygra\u0142 przetarg, uchyli si\u0119 od zawarcia umowy.<\/li>\r\n<\/ul>\r\n<p>&nbsp;<\/p>\r\n<p>&nbsp;<\/p>\r\n<ol>\r\n<li><strong><u>WYMAGANIA JAKIM POWINNA ODPOWIADA\u0106 OFERTA<\/u><\/strong><\/li>\r\n<\/ol>\r\n<p><strong>Oferta mo\u017ce dotyczy\u0107 dowolnej liczby autobus\u00f3w.<\/strong><\/p>\r\n<ol>\r\n<li>Oferta pod rygorem niewa\u017cno\u015bci powinna by\u0107 sporz\u0105dzona w formie pisemnej i musi zawiera\u0107:<\/li>\r\n<li>imi\u0119 i nazwisko i adres lub nazw\u0119 firmy i siedzib\u0119 oferenta,<\/li>\r\n<li>w przypadku przyst\u0105pienia do przetargu osoby prawnej nale\u017cy do oferty do\u0142\u0105czy\u0107 aktualny wyci\u0105g z w\u0142a\u015bciwego rejestru wystawionego nie wcze\u015bniej ni\u017c 6 miesi\u0119cy przed up\u0142ywem terminu sk\u0142adania ofert,<\/li>\r\n<li>oferowan\u0105 cen\u0119 i warunki jej zap\u0142aty,<\/li>\r\n<li>o\u015bwiadczenie oferenta, \u017ce zapozna\u0142 si\u0119 ze stanem technicznym przedmiotu przetargu (w tre\u015bci oferty).<\/li>\r\n<li>Po\u015bwiadczenie wniesienia wadium.<\/li>\r\n<li><strong>Wz\u00f3r formularza ofertowego stanowi za\u0142\u0105cznik 1 do og\u0142oszenia<\/strong>.<\/li>\r\n<li>Organizator odrzuci ofert\u0119, kt\u00f3ra:<\/li>\r\n<li>zosta\u0142a ona z\u0142o\u017cona po wyznaczonym terminie, w niew\u0142a\u015bciwym miejscu lub przez osob\u0119, kt\u00f3ra nie wnios\u0142a wadium,<\/li>\r\n<li>nie zawiera danych i dokument\u00f3w, o kt\u00f3rych mowa w pkt. 3 og\u0142oszenia lub dane s\u0105 niekompletne, nieczytelne lub budz\u0105 inn\u0105 w\u0105tpliwo\u015b\u0107, za\u015b jej z\u0142o\u017cenie uzupe\u0142nienie lub z\u0142o\u017cenie wyja\u015bnie\u0144 mog\u0142oby prowadzi\u0107 do uznania jej za nowa ofert\u0119,<\/li>\r\n<li>oferent przetargu nie zaoferowa\u0142 co najmniej ceny wywo\u0142awczej.<\/li>\r\n<\/ol>\r\n<p>&nbsp;<\/p>\r\n<ol>\r\n<li><strong><u>TERMIN, MIEJSCE I TRYB Z\u0141O\u017bENIA OFERTY ORAZ OKRES, W KT\u00d3RYM OFERTA JEST WI\u0104\u017b\u0104CA<\/u><\/strong><\/li>\r\n<\/ol>\r\n<p>&nbsp;<\/p>\r\n<p>TERMIN Z\u0141O\u017bENIA OFERTY:\u00a0 <strong>03.03.2026 r. do godz. 15:00<\/strong>\u00a0\u00a0\u00a0<\/p>\r\n<p>Ofert\u0119 nale\u017cy z\u0142o\u017cy\u0107 w zamkni\u0119tej kopercie oznaczonej napisem: &#8222;Oferta przetargowa na sprzeda\u017c autobus\u00f3w Autosan\u201d.<\/p>\r\n<p><strong>Miejsce sk\u0142adania ofert:<\/strong> Biuro Beskidzkiego Zwi\u0105zku Powiatowo-Gminnego, 43-300 Bielsko-Bia\u0142a ul. Legion\u00f3w 54, III pi\u0119tro, pok\u00f3j nr 41, od poniedzia\u0142ku do pi\u0105tku w godzinach od 8:00 do 15:00.<\/p>\r\n<p>Otwarcie ofert nast\u0105pi dnia <strong>04.03.2026 r. o godz. 10:00\u00a0\u00a0\u00a0 <\/strong><\/p>\r\n<p><strong>Miejsce otwarcia ofert:<\/strong> Beskidzki Zwi\u0105zek Powiatowo-Gminny, Bielsko-Bia\u0142a ul. Legion\u00f3w 54, \u00a0III pi\u0119tro, pok\u00f3j nr 42 (sala konferencyjna).<\/p>\r\n<p>TRYB: obowi\u0105zuje tryb pisemny z\u0142o\u017cenia oferty.<\/p>\r\n<p>TERMIN ZWI\u0104ZANIA Z OFERT\u0104: <strong>04.03.2026 r.<\/strong><\/p>\r\n<p>Wszystkie oferty kt\u00f3re wp\u0142yn\u0119\u0142y po terminie, zostan\u0105 zwr\u00f3cone Kupuj\u0105cym bez otwierania.<\/p>\r\n<ol>\r\n<li><strong><u>TERMIN ZAWARCIA UMOWY SPRZEDA\u017bY<\/u><\/strong> niezw\u0142ocznie po rozstrzygni\u0119ciu niniejszego post\u0119powania<\/li>\r\n<\/ol>\r\n<p>&nbsp;<\/p>\r\n<ul>\r\n<li><strong><u>INNE ISTOTNE INFORMACJE<\/u><\/strong><\/li>\r\n<\/ul>\r\n<ol>\r\n<li>Wybrana zostanie oferta zawieraj\u0105ca najwy\u017csz\u0105 cen\u0119, w przypadku zaoferowania takiej samej ceny przez wi\u0119cej ni\u017c jednego Kupuj\u0105cego przetarg b\u0119dzie kontynuowany w formie ustnej licytacji, a\u017c do wybrania oferenta, kt\u00f3ry zaproponuje najwy\u017csz\u0105 cen\u0119,<\/li>\r\n<li>Nabywca jest zobowi\u0105zany zap\u0142aci\u0107 cen\u0119 nabycia przelewem na rachunek bankowy wskazany przez Sprzedaj\u0105cego,<\/li>\r\n<li>Wydanie przedmiotu sprzeda\u017cy nabywcy nast\u0105pi niezw\u0142ocznie po zaksi\u0119gowaniu kwoty wp\u0142aty zap\u0142aty na koncie Sprzedaj\u0105cego,<\/li>\r\n<li>Nabywca pojazdu ponosi wszystkie koszty z jego nabyciem,<\/li>\r\n<li>Sprzedaj\u0105cy nie bierze odpowiedzialno\u015bci za stan techniczny sprzedawanego w przetargu autobusu i zastrzega mo\u017cliwo\u015b\u0107 uniewa\u017cnienia przetargu lub jego cz\u0119\u015bci bez podania przyczyny.<\/li>\r\n<li>Pojazdy w obecnym stanie nie s\u0105 w eksploatacji.<\/li>\r\n<li>Oferenci powinni na bie\u017c\u0105co monitorowa\u0107 informacje, o\u015bwiadczenia i dokumenty zamieszczane na stronie internetowej Organizatora: www.bzpg.pl w celu sprawdzenia, czy nie pojawi\u0142y si\u0119 nowe okoliczno\u015bci maj\u0105ce wp\u0142yw na prowadzone post\u0119powanie.<\/li>\r\n<li>Oferenci winni zapozna\u0107 si\u0119 z tre\u015bci\u0105 <strong>projektu Umowy stanowi\u0105cej za\u0142\u0105cznik Nr 2<\/strong> do niniejszego Og\u0142oszenia, gdy\u017c zawiera ona istotne postanowienia dotycz\u0105ce przedmiotowej transakcji sprzeda\u017cy.<\/li>\r\n<\/ol>\r\n<p>&nbsp;<\/p>\r\n<ul>\r\n<li><strong><u>OCHRONA DANYCH<\/u><\/strong><\/li>\r\n<\/ul>\r\n<ol>\r\n<li>Administratorem danych osobowych Kupuj\u0105cego jest Beskidzki Zwi\u0105zek Powiatowo Gminny z siedzib\u0105 w Bielsku-Bia\u0142ej ul. Legion\u00f3w 54.<\/li>\r\n<li>Administrator wyznaczy\u0142 Inspektora Ochrony Danych, z kt\u00f3rym mo\u017ce si\u0119 Pani\/Pan skontaktowa\u0107 poprzez e &#8211; mail: iod@bzpg.pl.pl, telefonicznie pod numerem 33\u00a0829 53 18 lub pisemnie na adres siedziby administratora. Z inspektorem ochrony danych mo\u017cna si\u0119 kontaktowa\u0107 we wszystkich sprawach dotycz\u0105cych przetwarzania danych osobowych oraz korzystania z praw zwi\u0105zanych z przetwarzaniem danych.<\/li>\r\n<li>Dane osobowe przetwarzane s\u0105 w celu wykonania niniejszej umowy, na podstawie:<\/li>\r\n<li>6 ust 1 lit b Rozporz\u0105dzenia Parlamentu Europejskiego i Rady (UE) 2016\/679 z dnia 27.04.2016 r. w sprawie ochrony os\u00f3b fizycznych w zwi\u0105zku z przetwarzaniem danych osobowych i w sprawie swobodnego przep\u0142ywu takich danych oraz uchylenia dyrektywy 95\/46\/WE &#8211; w skr\u00f3cie RODO &#8211; przetwarzanie jest niezb\u0119dne do wykonania umowy, kt\u00f3rej stron\u0105 jest osoba, kt\u00f3rej dane dotycz\u0105, lub do podj\u0119cia dzia\u0142a\u0144 na \u017c\u0105danie osoby, kt\u00f3rej dane dotycz\u0105, przed zawarciem umowy,<\/li>\r\n<li>6 ust. 1 lit c RODO &#8211; przetwarzanie jest niezb\u0119dne do wype\u0142nienia obowi\u0105zku prawnego ci\u0105\u017c\u0105cego na administratorze na podstawie przepis\u00f3w Ustawa z dnia 23 kwietnia 1964 r. Kodeks cywilny.<\/li>\r\n<li>Dane osobowe mog\u0105 zosta\u0107 udost\u0119pniane podmiotom i osobom upowa\u017cnionym na podstawie przepis\u00f3w prawa, operatorowi pocztowemu lub kurierowi, w celu przekazywania korespondencji papierowej. Ponadto dane osobowe mog\u0105 by\u0107 ujawnione podmiotom, z kt\u00f3rymi administrator zawar\u0142 umow\u0119 na \u015bwiadczenie us\u0142ug serwisowych dla system\u00f3w informatycznych wykorzystywanych przy ich przetwarzaniu.<\/li>\r\n<li>Dane osobowe b\u0119d\u0105 przechowywane przez okresy zgodne z kategoriami archiwalnymi, o kt\u00f3rych mowa w za\u0142\u0105czniku Nr 2 do rozporz\u0105dzenia Prezesa Rady Ministr\u00f3w z dnia 18 stycznia 2011 r. w sprawie instrukcji kancelaryjnej, jednolitych rzeczowych wykaz\u00f3w akt oraz instrukcji w sprawie organizacji i zakresu dzia\u0142ania archiw\u00f3w zak\u0142adowych.<\/li>\r\n<li>Osobie, kt\u00f3rej dane dotycz\u0105 przys\u0142uguje prawo dost\u0119pu do tre\u015bci swoich danych oraz prawo ich sprostowania, \u017c\u0105dania usuni\u0119cia lub ograniczenia przetwarzania oraz prawo do z\u0142o\u017cenia sprzeciwu wobec przetwarzania i prawo do przenoszenia danych.<\/li>\r\n<li>Osobie, kt\u00f3rej dane dotycz\u0105 przys\u0142uguje prawo wniesienia skargi do organu nadzorczego &#8211; Prezesa Urz\u0119du Ochrony Danych Osobowych, gdy uzna, i\u017c przetwarzanie dotycz\u0105cych jej danych osobowych narusza przepisy prawa. Podanie danych jest warunkiem zawarcia umowy.<\/li>\r\n<\/ol>\r\n\r\n<p>&nbsp;<\/p>\r\n","protected":false},"excerpt":{"rendered":"<p>Post\u0119powanie w sprawie sprzeda\u017cy mienia ruchomego Beskidzkiego Zwi\u0105zku Powiatowo-Gminnego &#8211; 6 szt. autobus\u00f3w. Wynik post\u0119powania: Informacja o wyniku przetargu Og\u0142oszenie_sprzeda\u017c 6 autobus\u00f3w Dzia\u0142aj\u0105c na podstawie Uchwa\u0142y nr 15\/2025 Zarz\u0105du Beskidzkiego Zwi\u0105zku Powiatowo-Gminnego z dnia 14 listopada 2025 r. w sprawie przyj\u0119cia Regulaminu sposobu i trybu gospodarowania sk\u0142adnikami rzeczowymi maj\u0105tku ruchomego stanowi\u0105cego w\u0142asno\u015b\u0107 Beskidzkiego Zwi\u0105zku Powiatowo-Gminnego,&hellip; <br \/> <a class=\"read-more\" href=\"https:\/\/www.bzpg.pl\/index.php\/o-bzpg\/sprzedaz-autobusow\/\">Read more<\/a><\/p>\n","protected":false},"author":4,"featured_media":0,"parent":1434,"menu_order":6,"comment_status":"closed","ping_status":"closed","template":"","meta":{"footnotes":""},"class_list":["post-2931","page","type-page","status-publish","hentry"],"_links":{"self":[{"href":"https:\/\/www.bzpg.pl\/index.php\/wp-json\/wp\/v2\/pages\/2931","targetHints":{"allow":["GET"]}}],"collection":[{"href":"https:\/\/www.bzpg.pl\/index.php\/wp-json\/wp\/v2\/pages"}],"about":[{"href":"https:\/\/www.bzpg.pl\/index.php\/wp-json\/wp\/v2\/types\/page"}],"author":[{"embeddable":true,"href":"https:\/\/www.bzpg.pl\/index.php\/wp-json\/wp\/v2\/users\/4"}],"replies":[{"embeddable":true,"href":"https:\/\/www.bzpg.pl\/index.php\/wp-json\/wp\/v2\/comments?post=2931"}],"version-history":[{"count":8,"href":"https:\/\/www.bzpg.pl\/index.php\/wp-json\/wp\/v2\/pages\/2931\/revisions"}],"predecessor-version":[{"id":17751,"href":"https:\/\/www.bzpg.pl\/index.php\/wp-json\/wp\/v2\/pages\/2931\/revisions\/17751"}],"up":[{"embeddable":true,"href":"https:\/\/www.bzpg.pl\/index.php\/wp-json\/wp\/v2\/pages\/1434"}],"wp:attachment":[{"href":"https:\/\/www.bzpg.pl\/index.php\/wp-json\/wp\/v2\/media?parent=2931"}],"curies":[{"name":"wp","href":"https:\/\/api.w.org\/{rel}","templated":true}]}}