{"id":482,"date":"2018-07-04T13:00:08","date_gmt":"2018-07-04T13:00:08","guid":{"rendered":"http:\/\/autosel.selena-work.cloud-press.net\/mesmerize-pro\/"},"modified":"2026-02-06T10:27:15","modified_gmt":"2026-02-06T09:27:15","slug":"mesmerize-pro","status":"publish","type":"page","link":"https:\/\/www.bzpg.pl\/","title":{"rendered":"Front Page"},"content":{"rendered":"<div  data-label=\"Latest-news\" data-id=\"latest_news--1\" data-export-id=\"blog-section\" data-category=\"latest_news\" class=\"blog-section blog-section-standard content-section content-section-spacing content-relative section-title-col-dark-text\" id=\"latest_news-1\" style=\"background-size: cover; background-position: center top; background-image: none; background-color: rgba(255, 255, 255, 0);\" data-section-ov=\"1\">\n<div  class=\"gridContainer\">\n<div  class=\"row\">\n<div  data-type=\"row\" data-dynamic-columns=\"handled\" data-content-shortcode=\"mesmerize_latest_news posts=&quot;3&quot; columns=&quot;4&quot; \">\t\t<div class=\"row center-sm content-left-sm\">\n\t\t\t\t\t<div id=\"post-18737\" class=\"col-sm-6 col-md-4 space-bottom space-bottom-xs\">\n\t\t\t\t<div class=\"post-content card y-move bordered\">\n\t\t\t\t\t    <div class=\"post-thumbnail\">\n        <a href=\"https:\/\/www.bzpg.pl\/index.php\/utrudnienia-w-kursowaniu-autobusow-w-dniach-7-i-9-maja-2026-r-wyscigi-kolarskie\/\" class=\"post-list-item-thumb \">\n            <img loading=\"lazy\" decoding=\"async\" width=\"1024\" height=\"646\" src=\"https:\/\/www.bzpg.pl\/wp-content\/uploads\/2021\/02\/logoinfo-1024x646.jpg\" class=\"attachment-post-thumbnail size-post-thumbnail wp-post-image\" alt=\"\" srcset=\"https:\/\/www.bzpg.pl\/wp-content\/uploads\/2021\/02\/logoinfo-1024x646.jpg 1024w, https:\/\/www.bzpg.pl\/wp-content\/uploads\/2021\/02\/logoinfo-300x189.jpg 300w, https:\/\/www.bzpg.pl\/wp-content\/uploads\/2021\/02\/logoinfo-768x484.jpg 768w, https:\/\/www.bzpg.pl\/wp-content\/uploads\/2021\/02\/logoinfo-32x20.jpg 32w, https:\/\/www.bzpg.pl\/wp-content\/uploads\/2021\/02\/logoinfo-20x13.jpg 20w, https:\/\/www.bzpg.pl\/wp-content\/uploads\/2021\/02\/logoinfo-e1640588011277.jpg 400w\" sizes=\"auto, (max-width: 1024px) 100vw, 1024px\" \/>        <\/a>\n    <\/div>\n    \t\t\t\t\t<div class=\"col-padding col-padding-xs\">\n\t\t\t\t\t\t<h3 class=\"post-title space-bottom-small\">\n\t\t\t\t\t\t\t<a href=\"https:\/\/www.bzpg.pl\/index.php\/utrudnienia-w-kursowaniu-autobusow-w-dniach-7-i-9-maja-2026-r-wyscigi-kolarskie\/\" rel=\"bookmark\">\n\t\t\t\t\t\t\t\tUtrudnienia w kursowaniu autobus\u00f3w w dniach 7 i 9 maja 2026 r. \u2013 wy\u015bcigi kolarskie\t\t\t\t\t\t\t<\/a>\n\t\t\t\t\t\t<\/h3>\n\t\t\t\t\t\t\t\t\t\t\t\t<a class=\"read-more link\" href=\"https:\/\/www.bzpg.pl\/index.php\/utrudnienia-w-kursowaniu-autobusow-w-dniach-7-i-9-maja-2026-r-wyscigi-kolarskie\/\">\n\t\t\t\t\t\t\tRead more\t\t\t\t\t\t<\/a>\n\t\t\t\t\t<\/div>\n\t\t\t\t<\/div>\n\t\t\t<\/div>\n\t\t\t\t\t\t<div id=\"post-18722\" class=\"col-sm-6 col-md-4 space-bottom space-bottom-xs\">\n\t\t\t\t<div class=\"post-content card y-move bordered\">\n\t\t\t\t\t    <div class=\"post-thumbnail\">\n        <a href=\"https:\/\/www.bzpg.pl\/index.php\/nowy-dworzec-autobusowy-w-ketach\/\" class=\"post-list-item-thumb \">\n            <img loading=\"lazy\" decoding=\"async\" width=\"661\" height=\"872\" src=\"https:\/\/www.bzpg.pl\/wp-content\/uploads\/2026\/04\/dw5.png\" class=\"attachment-post-thumbnail size-post-thumbnail wp-post-image\" alt=\"\" srcset=\"https:\/\/www.bzpg.pl\/wp-content\/uploads\/2026\/04\/dw5.png 661w, https:\/\/www.bzpg.pl\/wp-content\/uploads\/2026\/04\/dw5-227x300.png 227w, https:\/\/www.bzpg.pl\/wp-content\/uploads\/2026\/04\/dw5-15x20.png 15w\" sizes=\"auto, (max-width: 661px) 100vw, 661px\" \/>        <\/a>\n    <\/div>\n    \t\t\t\t\t<div class=\"col-padding col-padding-xs\">\n\t\t\t\t\t\t<h3 class=\"post-title space-bottom-small\">\n\t\t\t\t\t\t\t<a href=\"https:\/\/www.bzpg.pl\/index.php\/nowy-dworzec-autobusowy-w-ketach\/\" rel=\"bookmark\">\n\t\t\t\t\t\t\t\tNowy dworzec autobusowy w K\u0119tach\t\t\t\t\t\t\t<\/a>\n\t\t\t\t\t\t<\/h3>\n\t\t\t\t\t\t<p>Mieszka\u0144cy K\u0119t\u00a0oraz ca\u0142ego regionu mog\u0105 ju\u017c korzysta\u0107 z nowoczesnego dworca autobusowego, kt\u00f3ry zosta\u0142 oficjalnie otwarty jako cz\u0119\u015b\u0107 funkcjonalnego centrum przesiadkowego. Inwestycja ta stanowi istotny element rozwoju zr\u00f3wnowa\u017conego transportu publicznego, realizowanego[&hellip;]<\/p>\n\t\t\t\t\t\t<a class=\"read-more link\" href=\"https:\/\/www.bzpg.pl\/index.php\/nowy-dworzec-autobusowy-w-ketach\/\">\n\t\t\t\t\t\t\tRead more\t\t\t\t\t\t<\/a>\n\t\t\t\t\t<\/div>\n\t\t\t\t<\/div>\n\t\t\t<\/div>\n\t\t\t\t\t\t<div id=\"post-17746\" class=\"col-sm-6 col-md-4 space-bottom space-bottom-xs\">\n\t\t\t\t<div class=\"post-content card y-move bordered\">\n\t\t\t\t\t    <div class=\"post-thumbnail\">\n        <a href=\"https:\/\/www.bzpg.pl\/index.php\/ii-przetarg-na-sprzedaz-autobusow\/\" class=\"post-list-item-thumb \">\n            <img loading=\"lazy\" decoding=\"async\" width=\"643\" height=\"810\" src=\"https:\/\/www.bzpg.pl\/wp-content\/uploads\/2026\/02\/zdj3.jpg\" class=\"attachment-post-thumbnail size-post-thumbnail wp-post-image\" alt=\"\" srcset=\"https:\/\/www.bzpg.pl\/wp-content\/uploads\/2026\/02\/zdj3.jpg 643w, https:\/\/www.bzpg.pl\/wp-content\/uploads\/2026\/02\/zdj3-238x300.jpg 238w, https:\/\/www.bzpg.pl\/wp-content\/uploads\/2026\/02\/zdj3-16x20.jpg 16w\" sizes=\"auto, (max-width: 643px) 100vw, 643px\" \/>        <\/a>\n    <\/div>\n    \t\t\t\t\t<div class=\"col-padding col-padding-xs\">\n\t\t\t\t\t\t<h3 class=\"post-title space-bottom-small\">\n\t\t\t\t\t\t\t<a href=\"https:\/\/www.bzpg.pl\/index.php\/ii-przetarg-na-sprzedaz-autobusow\/\" rel=\"bookmark\">\n\t\t\t\t\t\t\t\tII przetarg na sprzeda\u017c autobus\u00f3w\t\t\t\t\t\t\t<\/a>\n\t\t\t\t\t\t<\/h3>\n\t\t\t\t\t\t<p>Zapraszamy do zapoznania si\u0119 z ofert\u0105 sprzeda\u017cy 6 sztuk autobus\u00f3w marki AUTOSAN. Sprzedaj\u0105cy dzieli przetarg na zadania i dopuszcza sk\u0142adanie ofert cz\u0119\u015bciowych, tj. na co najmniej jeden autobus. Wi\u0119cej informacji[&hellip;]<\/p>\n\t\t\t\t\t\t<a class=\"read-more link\" href=\"https:\/\/www.bzpg.pl\/index.php\/ii-przetarg-na-sprzedaz-autobusow\/\">\n\t\t\t\t\t\t\tRead more\t\t\t\t\t\t<\/a>\n\t\t\t\t\t<\/div>\n\t\t\t\t<\/div>\n\t\t\t<\/div>\n\t\t\t\t<\/div>\n\t<\/div>\n<\/div>\n<div  class=\"row\">\n<div  class=\"text-center\"><a  class=\"button color4\" data-attr-shortcode=\"href:mesmerize_blog_link\" href=\"https:\/\/www.bzpg.pl\/?post_type=post\" data-icon=\"fa-newspaper-o\"><span  class=\"button-icon fa fa-newspaper-o\"><\/span>Wy\u015bwietl wszystkie wiadomo\u015bci<\/a><\/div>\n<\/div>\n<\/div>\n<\/div><div  data-label=\"Clients\" data-id=\"clients--3\" data-export-id=\"clients-4\" data-category=\"clients\" class=\"clients-4 content-section content-section-spacing-small content-relative\" id=\"clients-3\" style=\"background-color: #ffffff; background-image: none;\">\n<div  class=\"section-separator-top\"><svg  xmlns=\"http:\/\/www.w3.org\/2000\/svg\" viewBox=\"0 0 2600 131.1\" preserveAspectRatio=\"none\" data-separator-name=\"opacity-tilt\" class=\"section-separator-top\"><\/svg>\n<path  class=\"svg-white-bg\" d=\"M0 0L2600 0 2600 69.1 0 0z\"><\/path> <path  class=\"svg-white-bg\" style=\"opacity: 0.5;\" d=\"M0 0L2600 0 2600 69.1 0 69.1z\"><\/path> <path  class=\"svg-white-bg\" style=\"opacity: 0.25;\" d=\"M2600 0L0 0 0 130.1 2600 69.1z\"><\/path><\/div>\n<div  class=\"gridContainer\">\n<div  class=\"row\">\n<div  data-type=\"column\" class=\"section-title-col\">\n<p  class=\"lead\">Gminy wchodz\u0105ce w sk\u0142ad Beskidzkiego Zwi\u0105zku Powiatowo Gminnego<\/p>\n\n<\/div>\n<\/div>\n<div  data-type=\"row\" class=\"row spaced-cols middle-xs center-xs space-bottom padding-lr\">\n<div  class=\"col-xs-6 col-sm-2\"><a  data-cp-link=\"1\" href=\"#\" class=\"\" target=\"_self\" rel=\"noopener noreferrer\"><img  decoding=\"async\" src=\"https:\/\/www.komunikacjabeskidzka.pl\/wp-content\/uploads\/2019\/06\/cropped-01_logo_powiat-1.png\" class=\"\" alt=\"\" title=\"cropped-01_logo_powiat-1.png\"><\/a><\/div>\n<div  class=\"col-xs-6 col-sm-2\"><a  data-cp-link=\"1\" href=\"#\" class=\"\" target=\"_self\" rel=\"noopener noreferrer\"><img  decoding=\"async\" src=\"https:\/\/www.komunikacjabeskidzka.pl\/wp-content\/uploads\/2019\/06\/cropped-02_logo_bestwina-1.png\" class=\"\" alt=\"\" title=\"cropped-01_logo_powiat.png\"><\/a><\/div>\n<div  class=\"col-xs-6 col-sm-2\"><a  data-cp-link=\"1\" href=\"#\" class=\"\" target=\"_self\" rel=\"noopener noreferrer\"><img  decoding=\"async\" src=\"https:\/\/www.komunikacjabeskidzka.pl\/wp-content\/uploads\/2019\/06\/cropped-03_logo_buczkowice-1.png\" class=\"\" alt=\"\" title=\"cropped-03_logo_buczkowice-1.png\"><\/a><\/div>\n<div  class=\"col-xs-6 col-sm-2\"><a  data-cp-link=\"1\" href=\"#\" class=\"\"><img  decoding=\"async\" src=\"https:\/\/www.komunikacjabeskidzka.pl\/wp-content\/uploads\/2019\/06\/cropped-04_logo_jaworze-2.png\" class=\"\" alt=\"\" title=\"cropped-04_logo_jaworze-2.png\"><\/a><\/div>\n<div  class=\"col-xs-6 col-sm-2\"><a  data-cp-link=\"1\" href=\"#\" class=\"\" target=\"_self\" rel=\"noopener noreferrer\"><img  decoding=\"async\" src=\"https:\/\/www.komunikacjabeskidzka.pl\/wp-content\/uploads\/2019\/06\/cropped-05_logo_kozy-1.png\" class=\"\" alt=\"\" title=\"cropped-05_logo_kozy-1.png\"><\/a><\/div>\n<div  class=\"col-xs-6 col-sm-2\"><a  data-cp-link=\"1\" href=\"#\" class=\"\" target=\"_self\" rel=\"noopener noreferrer\"><img  decoding=\"async\" src=\"https:\/\/www.komunikacjabeskidzka.pl\/wp-content\/uploads\/2019\/06\/cropped-07_logo_jaworze.png\" class=\"\" alt=\"\" title=\"cropped-07_logo_jaworze.png\"><\/a><\/div>\n<div  class=\"col-xs-6 col-sm-2\"><a  data-cp-link=\"1\" href=\"#\" class=\"\" target=\"_self\" rel=\"noopener noreferrer\"><img  decoding=\"async\" src=\"https:\/\/www.komunikacjabeskidzka.pl\/wp-content\/uploads\/2019\/06\/cropped-06_logo_porabka.png\" class=\"\" alt=\"\" title=\"cropped-06_logo_porabka.png\"><\/a><\/div>\n<div  class=\"col-xs-6 col-sm-2\"><a  data-cp-link=\"1\" href=\"#\" class=\"\" target=\"_self\" rel=\"noopener noreferrer\"><img  decoding=\"async\" src=\"https:\/\/www.bzpg.pl\/wp-content\/uploads\/2021\/03\/cropped-logo_wwwilk1.jpg\" class=\"\" alt=\"\" title=\"cropped-08_logo_wilkowice.png\"><\/a><\/div>\n<div  class=\"col-xs-6 col-sm-2\"><a  data-cp-link=\"1\" href=\"#\" class=\"\" target=\"_self\" rel=\"noopener noreferrer\"><img  decoding=\"async\" src=\"https:\/\/www.komunikacjabeskidzka.pl\/wp-content\/uploads\/2019\/06\/cropped-10_logo_jasienica.png\" class=\"\" alt=\"\" title=\"cropped-10_logo_jasienica.png\"><\/a><\/div>\n<div  class=\"col-xs-6 col-sm-2\"><a  data-cp-link=\"1\" href=\"#\" class=\"\" target=\"_self\" rel=\"noopener noreferrer\"><img  decoding=\"async\" src=\"https:\/\/www.komunikacjabeskidzka.pl\/wp-content\/uploads\/2019\/06\/cropped-09_logo_szczyrk.png\" class=\"\" alt=\"\" title=\"cropped-09_logo_szczyrk.png\"><\/a><\/div>\n<div  class=\"col-xs-6 col-sm-2\"><a  data-cp-link=\"1\" href=\"https:\/\/www.kety.pl\" class=\"\" target=\"_self\" rel=\"noopener noreferrer\"><img  decoding=\"async\" src=\"https:\/\/www.bzpg.pl\/wp-content\/uploads\/2021\/04\/cropped-kety_logo1.jpg\" class=\"\" alt=\"\" title=\"cropped-01_logo_powiat-1.png\"><\/a><\/div>\n<\/div>\n<\/div>\n<\/div><div  data-label=\"Subscribe\" data-id=\"subscribe--1\" data-export-id=\"subscribe-2cols-section\" data-category=\"subscribe\" class=\"subscribe-2cols-section content-section content-section-spacing-medium bg-color5 white-text content-relative\" id=\"subscribe-1\" style=\"background-image: none; background-color: #a41537;\">\n<div  class=\"gridContainer\">\n<div  data-section-title-area=\"true\" class=\"row text-center\">\n<div  class=\"section-title-col\" data-type=\"column\">\n<h2  class=\"\">Beskidzki Zwi\u0105zek\n\nPowiatowo-Gminny<\/h2>\n<p  class=\"lead\">ul. Legion\u00f3w 54,\n\n43-300 Bielsko-Bia\u0142a<\/p>\n\n<\/div>\n<\/div>\n<div  class=\"row middle-xs\">\n<div  class=\"col-sm-6 col-md-7 space-bottom-xs\" data-type=\"column\"><\/div>\n<div  class=\"col-sm-6 col-md-5 text-right-sm\" data-content-shortcode=\"mesmerize_subscribe_form shortcode=&quot;...&quot;\" data-editable=\"true\"><div class=\"subscribe-form\">[...]<\/div><\/div>\n<\/div>\n<\/div>\n<\/div>","protected":false},"excerpt":{"rendered":"<p>Wy\u015bwietl wszystkie wiadomo\u015bci Gminy wchodz\u0105ce w sk\u0142ad Beskidzkiego Zwi\u0105zku Powiatowo Gminnego Beskidzki Zwi\u0105zek Powiatowo-Gminny ul. Legion\u00f3w 54, 43-300 Bielsko-Bia\u0142a<\/p>\n","protected":false},"author":1,"featured_media":0,"parent":0,"menu_order":0,"comment_status":"closed","ping_status":"closed","template":"page-templates\/homepage.php","meta":{"footnotes":""},"class_list":["post-482","page","type-page","status-publish","hentry"],"_links":{"self":[{"href":"https:\/\/www.bzpg.pl\/index.php\/wp-json\/wp\/v2\/pages\/482","targetHints":{"allow":["GET"]}}],"collection":[{"href":"https:\/\/www.bzpg.pl\/index.php\/wp-json\/wp\/v2\/pages"}],"about":[{"href":"https:\/\/www.bzpg.pl\/index.php\/wp-json\/wp\/v2\/types\/page"}],"author":[{"embeddable":true,"href":"https:\/\/www.bzpg.pl\/index.php\/wp-json\/wp\/v2\/users\/1"}],"replies":[{"embeddable":true,"href":"https:\/\/www.bzpg.pl\/index.php\/wp-json\/wp\/v2\/comments?post=482"}],"version-history":[{"count":90,"href":"https:\/\/www.bzpg.pl\/index.php\/wp-json\/wp\/v2\/pages\/482\/revisions"}],"predecessor-version":[{"id":2947,"href":"https:\/\/www.bzpg.pl\/index.php\/wp-json\/wp\/v2\/pages\/482\/revisions\/2947"}],"wp:attachment":[{"href":"https:\/\/www.bzpg.pl\/index.php\/wp-json\/wp\/v2\/media?parent=482"}],"curies":[{"name":"wp","href":"https:\/\/api.w.org\/{rel}","templated":true}]}}